{"id":1011,"date":"2024-10-22T09:17:19","date_gmt":"2024-10-22T07:17:19","guid":{"rendered":"https:\/\/flo.org.pl\/?page_id=1011"},"modified":"2025-11-05T11:51:17","modified_gmt":"2025-11-05T10:51:17","slug":"raporty","status":"publish","type":"page","link":"https:\/\/flo.org.pl\/index.php\/raporty\/","title":{"rendered":"Raporty"},"content":{"rendered":"<div class=\"wp-block-image\">\n<figure class=\"aligncenter size-large is-resized\"><img fetchpriority=\"high\" decoding=\"async\" width=\"1024\" height=\"537\" src=\"https:\/\/flo.org.pl\/wp-content\/uploads\/2024\/10\/Lilly-1024x537.png\" alt=\"\" class=\"wp-image-1016\" style=\"width:1135px;height:auto\" srcset=\"https:\/\/flo.org.pl\/wp-content\/uploads\/2024\/10\/Lilly-1024x537.png 1024w, https:\/\/flo.org.pl\/wp-content\/uploads\/2024\/10\/Lilly-300x157.png 300w, https:\/\/flo.org.pl\/wp-content\/uploads\/2024\/10\/Lilly-768x403.png 768w, https:\/\/flo.org.pl\/wp-content\/uploads\/2024\/10\/Lilly-1536x806.png 1536w, https:\/\/flo.org.pl\/wp-content\/uploads\/2024\/10\/Lilly.png 1650w\" sizes=\"(max-width: 1024px) 100vw, 1024px\" \/><\/figure>\n<\/div>\n\n\n<h4 class=\"wp-block-heading has-text-align-center\">Raport &#8211; &#8222;Choroba oty\u0142o\u015bciowa &#8211; wyzwania spo\u0142eczne, kliniczne i ekonomiczne&#8221;. <\/h4>\n\n\n\n<div data-wp-interactive=\"core\/file\" class=\"wp-block-file aligncenter\"><object data-wp-bind--hidden=\"!state.hasPdfPreview\" hidden class=\"wp-block-file__embed\" data=\"https:\/\/flo.org.pl\/wp-content\/uploads\/2024\/10\/Raport-Choroba-otylosciowa-wyzwania-spoleczne_kliniczne-i-ekonomiczne_2024.pdf\" type=\"application\/pdf\" style=\"width:100%;height:600px\" aria-label=\"Osadzone z &lt;strong&gt;&lt;mark style=&quot;background-color:rgba(0, 0, 0, 0)&quot; class=&quot;has-inline-color has-vivid-red-color&quot;&gt;Raport Choroba oty\u0142o\u015bciowa - wyzwania spo\u0142eczne_kliniczne i ekonomiczne_2024&lt;\/mark&gt;&lt;\/strong&gt;.\"><\/object><a id=\"wp-block-file--media-de3eda25-d7f4-42d5-8b7b-eece136aeb8a\" href=\"https:\/\/flo.org.pl\/wp-content\/uploads\/2024\/10\/Raport-Choroba-otylosciowa-wyzwania-spoleczne_kliniczne-i-ekonomiczne_2024.pdf\"><strong><mark style=\"background-color:rgba(0, 0, 0, 0)\" class=\"has-inline-color has-vivid-red-color\">Raport Choroba oty\u0142o\u015bciowa &#8211; wyzwania spo\u0142eczne_kliniczne i ekonomiczne_2024<\/mark><\/strong><\/a><a href=\"https:\/\/flo.org.pl\/wp-content\/uploads\/2024\/10\/Raport-Choroba-otylosciowa-wyzwania-spoleczne_kliniczne-i-ekonomiczne_2024.pdf\" class=\"wp-block-file__button wp-element-button\" download aria-describedby=\"wp-block-file--media-de3eda25-d7f4-42d5-8b7b-eece136aeb8a\">Pobierz<\/a><\/div>\n\n\n\n<p><\/p>\n\n\n\n<p><\/p>\n","protected":false},"excerpt":{"rendered":"<p>Raport &#8211; &#8222;Choroba oty\u0142o\u015bciowa &#8211; wyzwania spo\u0142eczne, kliniczne i ekonomiczne&#8221;.<\/p>\n","protected":false},"author":5,"featured_media":1394,"parent":0,"menu_order":0,"comment_status":"closed","ping_status":"closed","template":"","meta":{"footnotes":""},"class_list":["post-1011","page","type-page","status-publish","has-post-thumbnail","hentry","has-meta has-sticky-meta"],"rttpg_featured_image_url":{"full":["https:\/\/flo.org.pl\/wp-content\/uploads\/2025\/05\/Zrzut-ekranu-2025-05-22-122418.png",1074,577,false],"landscape":["https:\/\/flo.org.pl\/wp-content\/uploads\/2025\/05\/Zrzut-ekranu-2025-05-22-122418.png",1074,577,false],"portraits":["https:\/\/flo.org.pl\/wp-content\/uploads\/2025\/05\/Zrzut-ekranu-2025-05-22-122418.png",1074,577,false],"thumbnail":["https:\/\/flo.org.pl\/wp-content\/uploads\/2025\/05\/Zrzut-ekranu-2025-05-22-122418-150x150.png",150,150,true],"medium":["https:\/\/flo.org.pl\/wp-content\/uploads\/2025\/05\/Zrzut-ekranu-2025-05-22-122418-300x161.png",300,161,true],"large":["https:\/\/flo.org.pl\/wp-content\/uploads\/2025\/05\/Zrzut-ekranu-2025-05-22-122418-1024x550.png",740,397,true],"post-slider-thumb-size":["https:\/\/flo.org.pl\/wp-content\/uploads\/2025\/05\/Zrzut-ekranu-2025-05-22-122418-330x190.png",330,190,true],"post-category-slider-size":["https:\/\/flo.org.pl\/wp-content\/uploads\/2025\/05\/Zrzut-ekranu-2025-05-22-122418-330x350.png",330,350,true],"1536x1536":["https:\/\/flo.org.pl\/wp-content\/uploads\/2025\/05\/Zrzut-ekranu-2025-05-22-122418.png",1074,577,false],"2048x2048":["https:\/\/flo.org.pl\/wp-content\/uploads\/2025\/05\/Zrzut-ekranu-2025-05-22-122418.png",1074,577,false],"coachpress-lite-classic":["https:\/\/flo.org.pl\/wp-content\/uploads\/2025\/05\/Zrzut-ekranu-2025-05-22-122418-700x433.png",700,433,true],"coachpress-lite-classic-full":["https:\/\/flo.org.pl\/wp-content\/uploads\/2025\/05\/Zrzut-ekranu-2025-05-22-122418.png",1074,577,false],"coachpress-lite-grid":["https:\/\/flo.org.pl\/wp-content\/uploads\/2025\/05\/Zrzut-ekranu-2025-05-22-122418-320x198.png",320,198,true],"coachpress-lite-grid-full":["https:\/\/flo.org.pl\/wp-content\/uploads\/2025\/05\/Zrzut-ekranu-2025-05-22-122418-535x331.png",535,331,true],"coachpress-lite-promo":["https:\/\/flo.org.pl\/wp-content\/uploads\/2025\/05\/Zrzut-ekranu-2025-05-22-122418-370x424.png",370,424,true],"coachpress-lite-service":["https:\/\/flo.org.pl\/wp-content\/uploads\/2025\/05\/Zrzut-ekranu-2025-05-22-122418-544x350.png",544,350,true],"coachpress-lite-client":["https:\/\/flo.org.pl\/wp-content\/uploads\/2025\/05\/Zrzut-ekranu-2025-05-22-122418-330x190.png",330,190,true],"coachpress-lite-slider":["https:\/\/flo.org.pl\/wp-content\/uploads\/2025\/05\/Zrzut-ekranu-2025-05-22-122418-1074x550.png",1074,550,true],"coachpress-lite-single":["https:\/\/flo.org.pl\/wp-content\/uploads\/2025\/05\/Zrzut-ekranu-2025-05-22-122418-740x456.png",740,456,true],"coachpress-lite-single-full":["https:\/\/flo.org.pl\/wp-content\/uploads\/2025\/05\/Zrzut-ekranu-2025-05-22-122418.png",1074,577,false]},"rttpg_author":{"display_name":"Ewa Godlewska","author_link":"https:\/\/flo.org.pl\/index.php\/author\/ewa-godlewska\/"},"rttpg_comment":0,"rttpg_category":null,"rttpg_excerpt":"Raport &#8211; &#8222;Choroba oty\u0142o\u015bciowa &#8211; wyzwania spo\u0142eczne, kliniczne i ekonomiczne&#8221;.","_links":{"self":[{"href":"https:\/\/flo.org.pl\/index.php\/wp-json\/wp\/v2\/pages\/1011","targetHints":{"allow":["GET"]}}],"collection":[{"href":"https:\/\/flo.org.pl\/index.php\/wp-json\/wp\/v2\/pages"}],"about":[{"href":"https:\/\/flo.org.pl\/index.php\/wp-json\/wp\/v2\/types\/page"}],"author":[{"embeddable":true,"href":"https:\/\/flo.org.pl\/index.php\/wp-json\/wp\/v2\/users\/5"}],"replies":[{"embeddable":true,"href":"https:\/\/flo.org.pl\/index.php\/wp-json\/wp\/v2\/comments?post=1011"}],"version-history":[{"count":4,"href":"https:\/\/flo.org.pl\/index.php\/wp-json\/wp\/v2\/pages\/1011\/revisions"}],"predecessor-version":[{"id":1022,"href":"https:\/\/flo.org.pl\/index.php\/wp-json\/wp\/v2\/pages\/1011\/revisions\/1022"}],"wp:featuredmedia":[{"embeddable":true,"href":"https:\/\/flo.org.pl\/index.php\/wp-json\/wp\/v2\/media\/1394"}],"wp:attachment":[{"href":"https:\/\/flo.org.pl\/index.php\/wp-json\/wp\/v2\/media?parent=1011"}],"curies":[{"name":"wp","href":"https:\/\/api.w.org\/{rel}","templated":true}]}}