{"id":122,"date":"2023-03-27T19:17:10","date_gmt":"2023-03-27T17:17:10","guid":{"rendered":"http:\/\/flo.ippez.pl\/?page_id=122"},"modified":"2023-04-19T16:53:06","modified_gmt":"2023-04-19T14:53:06","slug":"polityka-prywatnosci-2","status":"publish","type":"page","link":"https:\/\/flo.org.pl\/index.php\/polityka-prywatnosci-2\/","title":{"rendered":"POLITYKA PRYWATNO\u015aCI"},"content":{"rendered":"\n<p><strong>INFORMACJA O PRZETWARZANIU DANYCH OSOBOWYCH<\/strong><\/p>\n\n\n\n<p>Szanowni Pa\u0144stwo,<\/p>\n\n\n\n<p>uprzejmie informujemy, \u017ce <strong>Fundacja Na Rzecz Leczenia Oty\u0142o\u015bci<\/strong> ul. Nieca\u0142a 13; 05-500 Piaseczno, przetwarza informacje ze \u017ar\u00f3de\u0142 publicznych oraz og\u00f3lnodost\u0119pnych (w tym z Internetu), tworz\u0105c baz\u0119 danych. W\u015br\u00f3d tych informacji mog\u0105 pojawi\u0107 si\u0119 dane, kt\u00f3re na gruncie Rozporz\u0105dzenia Parlamentu Europejskiego i Rady Unii Europejskiej 2016\/679 z dnia 27 kwietnia 2016 r. w sprawie ochrony os\u00f3b fizycznych w zwi\u0105zku z przetwarzaniem danych osobowych i w sprawie swobodnego przep\u0142ywu takich danych oraz uchylenia dyrektywy 95\/46\/WE (dalej: <strong>\u201eOg\u00f3lne Rozporz\u0105dzenie\u201d<\/strong> lub <strong>\u201eRODO\u201d<\/strong>), maj\u0105 charakter danych osobowych.<\/p>\n\n\n\n<p>Zgodnie z obowi\u0105zuj\u0105cymi przepisami dotycz\u0105cymi ochrony danych osobowych, w szczeg\u00f3lno\u015bci z Og\u00f3lnym Rozporz\u0105dzeniem, celem zapewnienia w\u0142a\u015bciwej ochrony danych osobowych, osobie kt\u00f3rej dane dotycz\u0105 nale\u017cy przede wszystkim poda\u0107 informacje dotycz\u0105ce przetwarzania jej danych osobowych okre\u015blone w art. 13 lub 14 RODO \u2013 w zale\u017cno\u015bci od tego, czy zosta\u0142y one pozyskane bezpo\u015brednio od osoby kt\u00f3rej dane dotycz\u0105, czy te\u017c z innych \u017ar\u00f3de\u0142.<\/p>\n\n\n\n<p>W \u015bwietle powy\u017cszego pragniemy poinformowa\u0107 Pa\u0144stwa, \u017ce:<\/p>\n\n\n\n<p>Administratorem Pani\/Pana danych osobowych (dalej: <strong>\u201eAdministrator\u201d<\/strong>) jest <strong><strong>Fundacja Na Rzecz Leczenia Oty\u0142o\u015bci<\/strong><\/strong>, ul. Nieca\u0142a 13; 05-500 Piaseczno.<\/p>\n\n\n\n<p class=\"has-black-color has-text-color\">Z Administratorem mo\u017cna si\u0119 kontaktowa\u0107 pisemnie, za pomoc\u0105 poczty tradycyjnej na adres: ul. Nieca\u0142a 13; 05-500 Piaseczno lub drog\u0105 e-mailow\u0105 pod adresem: <a rel=\"noreferrer noopener\" href=\"mailto:katarzyna.glowinska@flo.org.pl\" target=\"_blank\"><strong>katarzyna.glowinska@flo.org.pl<\/strong><\/a><\/p>\n\n\n\n<p>Pani\/Pana dane osobowe s\u0105 przetwarzane na podstawie art. 6 ust. 1 lit. f RODO, tj. w oparciu o niezb\u0119dno\u015b\u0107 przetwarzania do cel\u00f3w wynikaj\u0105cych z prawnie uzasadnionych interes\u00f3w realizowanych przez Administratora lub przez stron\u0119 trzeci\u0105.<\/p>\n\n\n\n<p>Aby nasza strona internetowa funkcjonowa\u0142a poprawnie, a tak\u017ce aby zaprezentowa\u0107 oferty odpowiadaj\u0105ce zainteresowaniom wynikaj\u0105cym z Twojej historii odwiedzin naszej strony, u\u017cywamy technologii znanej jako \u201epliki cookie\u201d. S\u0105 to ma\u0142e pliki, kt\u00f3re wysy\u0142amy do Twojego komputera i p\u00f3\u017aniej mo\u017cemy si\u0119 do nich odnie\u015b\u0107. Mog\u0105 to by\u0107 pliki cookie sesyjne b\u0105d\u017a trwa\u0142e (session lub persistent cookies) i mog\u0105 korzysta\u0107 z technologii takich jak JavaSript lub Flash. Pliki cookie pomagaj\u0105 nam uczyni\u0107 Tw\u00f3j pobyt na stronie p\u0142ynnym i tak osobistym, jak tylko to mo\u017cliwe. Pokazuj\u0105 nam, co wszyscy u\u017cytkownicy robi\u0105 na naszej stronie, a to pomaga nam podnosi\u0107 komfort jej u\u017cytkowania.<\/p>\n\n\n\n<p>Pliki cookie przetwarzamy wy\u0142\u0105cznie za Pana\/Pani zgod\u0105. Aby wycofa\u0107 lub wyrazi\u0107 zgod\u0119 na wykorzystanie plik\u00f3w cookies, prosimy o dokonanie przez Pana\/Pani\u0105 odpowiednich ustawie\u0144 w swojej przegl\u0105darce.<\/p>\n\n\n\n<p>Administrator przetwarza Pani\/Pana dane osobowe w zakresie, w jakim s\u0105 one udost\u0119pniane przez \u017ar\u00f3d\u0142a publicznie dost\u0119pne.<\/p>\n\n\n\n<p>Administrator nie przetwarza szczeg\u00f3lnych kategorii danych osobowych ani danych osobowych dotycz\u0105cych wyrok\u00f3w skazuj\u0105cych oraz narusze\u0144 prawa lub powi\u0105zanych \u015brodk\u00f3w bezpiecze\u0144stwa.<\/p>\n\n\n\n<p>W zwi\u0105zku z przetwarzaniem Pani\/Pana danych osobowych przys\u0142uguje Pani\/Panu prawo do:<\/p>\n\n\n\n<ul class=\"wp-block-list\">\n<li>\u017c\u0105dania od Administratora dost\u0119pu do Pani\/Pana danych osobowych,<\/li>\n\n\n\n<li>\u017c\u0105dania od Administratora sprostowania Pani\/Pana danych osobowych,<\/li>\n\n\n\n<li>\u017c\u0105dania od Administratora usuni\u0119cia Pani\/Pana danych osobowych,<\/li>\n\n\n\n<li>\u017c\u0105dania od Administratora ograniczenia przetwarzania Pani\/Pana danych osobowych,<\/li>\n\n\n\n<li>wniesienia sprzeciwu wobec przetwarzania Pani\/pana danych osobowych,<\/li>\n\n\n\n<li>przenoszenia Pani\/Pana danych osobowych,<\/li>\n\n\n\n<li>wniesienia skargi do organu nadzorczego.<\/li>\n<\/ul>\n\n\n\n<p>Z praw wskazanych powy\u017cej mo\u017cna skorzysta\u0107 poprzez:<\/p>\n\n\n\n<ul class=\"wp-block-list\">\n<li>kontakt e-mailowy pod adresem: <strong><a rel=\"noreferrer noopener\" href=\"mailto:katarzyna.glowinska@flo.org.pl\" target=\"_blank\">katarzyna.glowinska@flo.org.pl<\/a><\/strong><\/li>\n\n\n\n<li>kontakt pisemny, za pomoc\u0105 poczty tradycyjnej na adres: ul. Nieca\u0142a 13; 05-500 Piaseczno<\/li>\n<\/ul>\n\n\n\n<p>Administrator dok\u0142ada wszelkich stara\u0144, aby zapewni\u0107 wszelkie \u015brodki fizycznej, technicznej i organizacyjnej ochrony danych osobowych przed ich przypadkowym czy umy\u015blnym zniszczeniem, przypadkow\u0105 utrat\u0105, zmian\u0105, nieuprawnionym ujawnieniem, wykorzystaniem czy dost\u0119pem, zgodnie ze wszystkimi obowi\u0105zuj\u0105cymi przepisami.<\/p>\n\n\n\n<p>Pani\/Pana dane osobowe s\u0105 przetwarzane elektronicznie i r\u0119cznie, zgodnie z metodami i procedurami zwi\u0105zanymi z celami przetwarzania.<\/p>\n","protected":false},"excerpt":{"rendered":"<p>INFORMACJA O PRZETWARZANIU DANYCH OSOBOWYCH Szanowni Pa\u0144stwo, uprzejmie informujemy, \u017ce Fundacja Na Rzecz Leczenia Oty\u0142o\u015bci ul. Nieca\u0142a 13; 05-500 Piaseczno, przetwarza informacje ze \u017ar\u00f3de\u0142 publicznych oraz og\u00f3lnodost\u0119pnych (w tym z &hellip; <\/p>\n","protected":false},"author":1,"featured_media":83,"parent":0,"menu_order":0,"comment_status":"closed","ping_status":"closed","template":"","meta":{"footnotes":""},"class_list":["post-122","page","type-page","status-publish","has-post-thumbnail","hentry","has-meta has-sticky-meta"],"rttpg_featured_image_url":{"full":["https:\/\/flo.org.pl\/wp-content\/uploads\/2022\/12\/19_12_2022_flo_www_grafiki_aktualnosci2.jpg",2533,337,false],"landscape":["https:\/\/flo.org.pl\/wp-content\/uploads\/2022\/12\/19_12_2022_flo_www_grafiki_aktualnosci2.jpg",2533,337,false],"portraits":["https:\/\/flo.org.pl\/wp-content\/uploads\/2022\/12\/19_12_2022_flo_www_grafiki_aktualnosci2.jpg",2533,337,false],"thumbnail":["https:\/\/flo.org.pl\/wp-content\/uploads\/2022\/12\/19_12_2022_flo_www_grafiki_aktualnosci2-150x150.jpg",150,150,true],"medium":["https:\/\/flo.org.pl\/wp-content\/uploads\/2022\/12\/19_12_2022_flo_www_grafiki_aktualnosci2-300x40.jpg",300,40,true],"large":["https:\/\/flo.org.pl\/wp-content\/uploads\/2022\/12\/19_12_2022_flo_www_grafiki_aktualnosci2-1024x136.jpg",740,98,true],"post-slider-thumb-size":["https:\/\/flo.org.pl\/wp-content\/uploads\/2022\/12\/19_12_2022_flo_www_grafiki_aktualnosci2-330x190.jpg",330,190,true],"post-category-slider-size":["https:\/\/flo.org.pl\/wp-content\/uploads\/2022\/12\/19_12_2022_flo_www_grafiki_aktualnosci2-330x337.jpg",330,337,true],"1536x1536":["https:\/\/flo.org.pl\/wp-content\/uploads\/2022\/12\/19_12_2022_flo_www_grafiki_aktualnosci2-1536x204.jpg",1536,204,true],"2048x2048":["https:\/\/flo.org.pl\/wp-content\/uploads\/2022\/12\/19_12_2022_flo_www_grafiki_aktualnosci2-2048x272.jpg",2048,272,true],"coachpress-lite-classic":["https:\/\/flo.org.pl\/wp-content\/uploads\/2022\/12\/19_12_2022_flo_www_grafiki_aktualnosci2-700x337.jpg",700,337,true],"coachpress-lite-classic-full":["https:\/\/flo.org.pl\/wp-content\/uploads\/2022\/12\/19_12_2022_flo_www_grafiki_aktualnosci2-1170x337.jpg",1170,337,true],"coachpress-lite-grid":["https:\/\/flo.org.pl\/wp-content\/uploads\/2022\/12\/19_12_2022_flo_www_grafiki_aktualnosci2-320x198.jpg",320,198,true],"coachpress-lite-grid-full":["https:\/\/flo.org.pl\/wp-content\/uploads\/2022\/12\/19_12_2022_flo_www_grafiki_aktualnosci2-535x331.jpg",535,331,true],"coachpress-lite-promo":["https:\/\/flo.org.pl\/wp-content\/uploads\/2022\/12\/19_12_2022_flo_www_grafiki_aktualnosci2-370x337.jpg",370,337,true],"coachpress-lite-service":["https:\/\/flo.org.pl\/wp-content\/uploads\/2022\/12\/19_12_2022_flo_www_grafiki_aktualnosci2-544x337.jpg",544,337,true],"coachpress-lite-client":["https:\/\/flo.org.pl\/wp-content\/uploads\/2022\/12\/19_12_2022_flo_www_grafiki_aktualnosci2-330x190.jpg",330,190,true],"coachpress-lite-slider":["https:\/\/flo.org.pl\/wp-content\/uploads\/2022\/12\/19_12_2022_flo_www_grafiki_aktualnosci2-1161x337.jpg",1161,337,true],"coachpress-lite-single":["https:\/\/flo.org.pl\/wp-content\/uploads\/2022\/12\/19_12_2022_flo_www_grafiki_aktualnosci2-740x337.jpg",740,337,true],"coachpress-lite-single-full":["https:\/\/flo.org.pl\/wp-content\/uploads\/2022\/12\/19_12_2022_flo_www_grafiki_aktualnosci2-1170x337.jpg",1170,337,true]},"rttpg_author":{"display_name":"flodmin","author_link":"https:\/\/flo.org.pl\/index.php\/author\/flodmin\/"},"rttpg_comment":0,"rttpg_category":null,"rttpg_excerpt":"INFORMACJA O PRZETWARZANIU DANYCH OSOBOWYCH Szanowni Pa\u0144stwo, uprzejmie informujemy, \u017ce Fundacja Na Rzecz Leczenia Oty\u0142o\u015bci ul. Nieca\u0142a 13; 05-500 Piaseczno, przetwarza informacje ze \u017ar\u00f3de\u0142 publicznych oraz og\u00f3lnodost\u0119pnych (w tym z &hellip;","_links":{"self":[{"href":"https:\/\/flo.org.pl\/index.php\/wp-json\/wp\/v2\/pages\/122","targetHints":{"allow":["GET"]}}],"collection":[{"href":"https:\/\/flo.org.pl\/index.php\/wp-json\/wp\/v2\/pages"}],"about":[{"href":"https:\/\/flo.org.pl\/index.php\/wp-json\/wp\/v2\/types\/page"}],"author":[{"embeddable":true,"href":"https:\/\/flo.org.pl\/index.php\/wp-json\/wp\/v2\/users\/1"}],"replies":[{"embeddable":true,"href":"https:\/\/flo.org.pl\/index.php\/wp-json\/wp\/v2\/comments?post=122"}],"version-history":[{"count":4,"href":"https:\/\/flo.org.pl\/index.php\/wp-json\/wp\/v2\/pages\/122\/revisions"}],"predecessor-version":[{"id":142,"href":"https:\/\/flo.org.pl\/index.php\/wp-json\/wp\/v2\/pages\/122\/revisions\/142"}],"wp:featuredmedia":[{"embeddable":true,"href":"https:\/\/flo.org.pl\/index.php\/wp-json\/wp\/v2\/media\/83"}],"wp:attachment":[{"href":"https:\/\/flo.org.pl\/index.php\/wp-json\/wp\/v2\/media?parent=122"}],"curies":[{"name":"wp","href":"https:\/\/api.w.org\/{rel}","templated":true}]}}