{"id":124,"date":"2023-03-27T19:17:55","date_gmt":"2023-03-27T17:17:55","guid":{"rendered":"http:\/\/flo.ippez.pl\/?page_id=124"},"modified":"2023-05-04T09:45:10","modified_gmt":"2023-05-04T07:45:10","slug":"polityka-cookies","status":"publish","type":"page","link":"https:\/\/flo.org.pl\/index.php\/polityka-cookies\/","title":{"rendered":"POLITYKA COOKIES"},"content":{"rendered":"\n<p class=\"has-black-color has-text-color\">Informujemy, \u017ce korzystaj\u0105c ze strony <a href=\"http:\/\/www.flo.org.pl\">https:\/\/flo.org.pl<\/a> wyra\u017casz zgod\u0119 na wykorzystanie plik\u00f3w cookies.<br>Istnieje mo\u017cliwo\u015b\u0107 korzystania ze strony internetowej bez wykorzystywania mechanizmu cookies, ale mo\u017ce to oznacza\u0107, \u017ce niekt\u00f3re funkcje lub us\u0142ugi witryny nie b\u0119d\u0105 dzia\u0142a\u0107 poprawnie.<\/p>\n\n\n\n<p class=\"has-black-color has-text-color\">Je\u015bli nie wyra\u017casz zgody na korzystanie z plik\u00f3w cookies mo\u017cesz w ka\u017cdej chwili dokona\u0107 zmiany ustawie\u0144 swojej przegl\u0105darki, aby zablokowa\u0107 obs\u0142ug\u0119 plik\u00f3w (cookies) lub ka\u017cdorazowo uzyskiwa\u0107 informacje o ich umieszczeniu w swoim urz\u0105dzeniu. Inne dost\u0119pne opcje mo\u017cna sprawdzi\u0107 w ustawieniach swojej przegl\u0105darki internetowej. Nale\u017cy pami\u0119ta\u0107, \u017ce wi\u0119kszo\u015b\u0107 przegl\u0105darek domy\u015blnie jest ustawione na akceptacj\u0119 zapisu plik\u00f3w (cookies) w urz\u0105dzeniu ko\u0144cowym.<\/p>\n\n\n\n<p class=\"has-black-color has-text-color\">Czym s\u0105 pliki cookies?<\/p>\n\n\n\n<p class=\"has-black-color has-text-color\">To niewielkie pliki tekstowe, nazywane ciasteczkami (z ang. cookie \u2013 ciastko), wysy\u0142ane przez serwis internetowy, kt\u00f3ry odwiedzamy i zapisywane na urz\u0105dzeniu ko\u0144cowym (komputerze, laptopie, smartfonie), z kt\u00f3rego korzystamy podczas przegl\u0105dania stron internetowych. Pe\u0142ni\u0105 one szereg funkcji, kt\u00f3re maj\u0105 wp\u0142yw na Twoj\u0105 wygod\u0119 i bezpiecze\u0144stwo przegl\u0105dania stron internetowych. Ciasteczka umo\u017cliwiaj\u0105 m.in. zapami\u0119tanie preferencji i personalizowanie stron internetowych w zakresie wy\u015bwietlanych tre\u015bci.<\/p>\n\n\n\n<p class=\"has-black-color has-text-color\">Do czego wykorzystujemy pliki cookies?<br>Wykorzystujemy pliki cookies do obserwacji sposob\u00f3w u\u017cytkowania strony, dzi\u0119ki czemu mo\u017cemy zapewni\u0107 jej lepsze dopasowanie do oczekiwa\u0144 i preferencji ka\u017cdego u\u017cytkownika. Korzystaj\u0105c z plik\u00f3w cookies nie przechowujemy Twoich danych osobowych, ani innych poufnych informacji.<\/p>\n\n\n\n<p class=\"has-black-color has-text-color\">Pliki cookies wykorzystywane s\u0105 w celu:<\/p>\n\n\n\n<ul class=\"has-black-color has-text-color wp-block-list\">\n<li>dostosowania zawarto\u015bci stron internetowych do preferencji U\u017cytkownika oraz optymalizacji korzystania ze strony internetowej;<\/li>\n\n\n\n<li>tworzenia statystyk, kt\u00f3re pomagaj\u0105 zrozumie\u0107, w jaki spos\u00f3b U\u017cytkownicy serwisu korzystaj\u0105 ze stron internetowych, co umo\u017cliwia ulepszanie ich struktury i zawarto\u015bci.<\/li>\n<\/ul>\n\n\n\n<p class=\"has-black-color has-text-color\">Z jakiego rodzaju plik\u00f3w cookies korzystamy?<br>W ramach strony stosowane s\u0105 dwa zasadnicze rodzaje plik\u00f3w cookies: \u201esesyjne\u201d (session cookies) oraz \u201esta\u0142e\u201d (persistent cookies). Cookies \u201esesyjne\u201d s\u0105 plikami tymczasowymi, kt\u00f3re przechowywane s\u0105 w urz\u0105dzeniu ko\u0144cowym U\u017cytkownika do czasu opuszczenia strony internetowej lub wy\u0142\u0105czenia oprogramowania (przegl\u0105darki internetowej). \u201eSta\u0142e\u201d pliki cookies przechowywane s\u0105 w urz\u0105dzeniu ko\u0144cowym U\u017cytkownika przez czas okre\u015blony w parametrach plik\u00f3w cookies lub do czasu ich usuni\u0119cia przez U\u017cytkownika. <\/p>\n","protected":false},"excerpt":{"rendered":"<p>Informujemy, \u017ce korzystaj\u0105c ze strony https:\/\/flo.org.pl wyra\u017casz zgod\u0119 na wykorzystanie plik\u00f3w cookies.Istnieje mo\u017cliwo\u015b\u0107 korzystania ze strony internetowej bez wykorzystywania mechanizmu cookies, ale mo\u017ce to oznacza\u0107, \u017ce niekt\u00f3re funkcje lub us\u0142ugi &hellip; <\/p>\n","protected":false},"author":1,"featured_media":83,"parent":0,"menu_order":0,"comment_status":"closed","ping_status":"closed","template":"","meta":{"footnotes":""},"class_list":["post-124","page","type-page","status-publish","has-post-thumbnail","hentry","has-meta has-sticky-meta"],"rttpg_featured_image_url":{"full":["https:\/\/flo.org.pl\/wp-content\/uploads\/2022\/12\/19_12_2022_flo_www_grafiki_aktualnosci2.jpg",2533,337,false],"landscape":["https:\/\/flo.org.pl\/wp-content\/uploads\/2022\/12\/19_12_2022_flo_www_grafiki_aktualnosci2.jpg",2533,337,false],"portraits":["https:\/\/flo.org.pl\/wp-content\/uploads\/2022\/12\/19_12_2022_flo_www_grafiki_aktualnosci2.jpg",2533,337,false],"thumbnail":["https:\/\/flo.org.pl\/wp-content\/uploads\/2022\/12\/19_12_2022_flo_www_grafiki_aktualnosci2-150x150.jpg",150,150,true],"medium":["https:\/\/flo.org.pl\/wp-content\/uploads\/2022\/12\/19_12_2022_flo_www_grafiki_aktualnosci2-300x40.jpg",300,40,true],"large":["https:\/\/flo.org.pl\/wp-content\/uploads\/2022\/12\/19_12_2022_flo_www_grafiki_aktualnosci2-1024x136.jpg",740,98,true],"post-slider-thumb-size":["https:\/\/flo.org.pl\/wp-content\/uploads\/2022\/12\/19_12_2022_flo_www_grafiki_aktualnosci2-330x190.jpg",330,190,true],"post-category-slider-size":["https:\/\/flo.org.pl\/wp-content\/uploads\/2022\/12\/19_12_2022_flo_www_grafiki_aktualnosci2-330x337.jpg",330,337,true],"1536x1536":["https:\/\/flo.org.pl\/wp-content\/uploads\/2022\/12\/19_12_2022_flo_www_grafiki_aktualnosci2-1536x204.jpg",1536,204,true],"2048x2048":["https:\/\/flo.org.pl\/wp-content\/uploads\/2022\/12\/19_12_2022_flo_www_grafiki_aktualnosci2-2048x272.jpg",2048,272,true],"coachpress-lite-classic":["https:\/\/flo.org.pl\/wp-content\/uploads\/2022\/12\/19_12_2022_flo_www_grafiki_aktualnosci2-700x337.jpg",700,337,true],"coachpress-lite-classic-full":["https:\/\/flo.org.pl\/wp-content\/uploads\/2022\/12\/19_12_2022_flo_www_grafiki_aktualnosci2-1170x337.jpg",1170,337,true],"coachpress-lite-grid":["https:\/\/flo.org.pl\/wp-content\/uploads\/2022\/12\/19_12_2022_flo_www_grafiki_aktualnosci2-320x198.jpg",320,198,true],"coachpress-lite-grid-full":["https:\/\/flo.org.pl\/wp-content\/uploads\/2022\/12\/19_12_2022_flo_www_grafiki_aktualnosci2-535x331.jpg",535,331,true],"coachpress-lite-promo":["https:\/\/flo.org.pl\/wp-content\/uploads\/2022\/12\/19_12_2022_flo_www_grafiki_aktualnosci2-370x337.jpg",370,337,true],"coachpress-lite-service":["https:\/\/flo.org.pl\/wp-content\/uploads\/2022\/12\/19_12_2022_flo_www_grafiki_aktualnosci2-544x337.jpg",544,337,true],"coachpress-lite-client":["https:\/\/flo.org.pl\/wp-content\/uploads\/2022\/12\/19_12_2022_flo_www_grafiki_aktualnosci2-330x190.jpg",330,190,true],"coachpress-lite-slider":["https:\/\/flo.org.pl\/wp-content\/uploads\/2022\/12\/19_12_2022_flo_www_grafiki_aktualnosci2-1161x337.jpg",1161,337,true],"coachpress-lite-single":["https:\/\/flo.org.pl\/wp-content\/uploads\/2022\/12\/19_12_2022_flo_www_grafiki_aktualnosci2-740x337.jpg",740,337,true],"coachpress-lite-single-full":["https:\/\/flo.org.pl\/wp-content\/uploads\/2022\/12\/19_12_2022_flo_www_grafiki_aktualnosci2-1170x337.jpg",1170,337,true]},"rttpg_author":{"display_name":"flodmin","author_link":"https:\/\/flo.org.pl\/index.php\/author\/flodmin\/"},"rttpg_comment":0,"rttpg_category":null,"rttpg_excerpt":"Informujemy, \u017ce korzystaj\u0105c ze strony https:\/\/flo.org.pl wyra\u017casz zgod\u0119 na wykorzystanie plik\u00f3w cookies.Istnieje mo\u017cliwo\u015b\u0107 korzystania ze strony internetowej bez wykorzystywania mechanizmu cookies, ale mo\u017ce to oznacza\u0107, \u017ce niekt\u00f3re funkcje lub us\u0142ugi &hellip;","_links":{"self":[{"href":"https:\/\/flo.org.pl\/index.php\/wp-json\/wp\/v2\/pages\/124","targetHints":{"allow":["GET"]}}],"collection":[{"href":"https:\/\/flo.org.pl\/index.php\/wp-json\/wp\/v2\/pages"}],"about":[{"href":"https:\/\/flo.org.pl\/index.php\/wp-json\/wp\/v2\/types\/page"}],"author":[{"embeddable":true,"href":"https:\/\/flo.org.pl\/index.php\/wp-json\/wp\/v2\/users\/1"}],"replies":[{"embeddable":true,"href":"https:\/\/flo.org.pl\/index.php\/wp-json\/wp\/v2\/comments?post=124"}],"version-history":[{"count":5,"href":"https:\/\/flo.org.pl\/index.php\/wp-json\/wp\/v2\/pages\/124\/revisions"}],"predecessor-version":[{"id":1285,"href":"https:\/\/flo.org.pl\/index.php\/wp-json\/wp\/v2\/pages\/124\/revisions\/1285"}],"wp:featuredmedia":[{"embeddable":true,"href":"https:\/\/flo.org.pl\/index.php\/wp-json\/wp\/v2\/media\/83"}],"wp:attachment":[{"href":"https:\/\/flo.org.pl\/index.php\/wp-json\/wp\/v2\/media?parent=124"}],"curies":[{"name":"wp","href":"https:\/\/api.w.org\/{rel}","templated":true}]}}