{"id":18,"date":"2022-11-22T11:22:50","date_gmt":"2022-11-22T10:22:50","guid":{"rendered":"http:\/\/flo.ippez.pl\/?page_id=18"},"modified":"2023-08-02T08:48:34","modified_gmt":"2023-08-02T06:48:34","slug":"misja","status":"publish","type":"page","link":"https:\/\/flo.org.pl\/index.php\/misja\/","title":{"rendered":"MISJA"},"content":{"rendered":"\n<p>Jako Organizacja chcemy zmieni\u0107 powszechn\u0105 opini\u0119 na temat os\u00f3b zmagaj\u0105cych si\u0119 z chorob\u0105 oty\u0142o\u015bciow\u0105. Chcemy t\u0119 opini\u0119 <strong>wyleczy\u0107<\/strong> z dyskryminuj\u0105cych, wielokrotnie krzywdz\u0105cych zda\u0144, kt\u00f3re nie maj\u0105 nic wsp\u00f3lnego z dost\u0119pn\u0105 <strong>wiedz\u0105 medyczn\u0105.<\/strong><\/p>\n\n\n\n<p>Chcemy edukowa\u0107 i g\u0142o\u015bno m\u00f3wi\u0107 o tym, \u017ce oty\u0142o\u015b\u0107 to choroba przewlek\u0142a ze sk\u0142onno\u015bci\u0105 do nawracania, kt\u00f3ra prowadzi do wielu powa\u017cnych powik\u0142a\u0144 zdrowotnych. Oty\u0142o\u015b\u0107 to choroba, kt\u00f3r\u0105 nale\u017cy leczy\u0107, nie odchudza\u0107.<\/p>\n\n\n\n<div class=\"wp-block-buttons has-custom-font-size has-medium-font-size is-content-justification-center is-layout-flex wp-container-core-buttons-is-layout-16018d1d wp-block-buttons-is-layout-flex\">\n<div class=\"wp-block-button has-custom-width wp-block-button__width-50 has-custom-font-size is-style-outline is-style-outline--1\" style=\"font-size:17px\"><a class=\"wp-block-button__link has-white-color has-blush-light-purple-gradient-background has-text-color has-background wp-element-button\" href=\"https:\/\/flo.org.pl\/index.php\/cele\/\" style=\"border-radius:38px\"><strong>Cele<\/strong><\/a><\/div>\n<\/div>\n","protected":false},"excerpt":{"rendered":"<p>Jako Organizacja chcemy zmieni\u0107 powszechn\u0105 opini\u0119 na temat os\u00f3b zmagaj\u0105cych si\u0119 z chorob\u0105 oty\u0142o\u015bciow\u0105. Chcemy t\u0119 opini\u0119 wyleczy\u0107 z dyskryminuj\u0105cych, wielokrotnie krzywdz\u0105cych zda\u0144, kt\u00f3re nie maj\u0105 nic wsp\u00f3lnego z dost\u0119pn\u0105 &hellip; <\/p>\n","protected":false},"author":1,"featured_media":83,"parent":0,"menu_order":0,"comment_status":"closed","ping_status":"closed","template":"","meta":{"footnotes":""},"class_list":["post-18","page","type-page","status-publish","has-post-thumbnail","hentry","has-meta has-sticky-meta"],"rttpg_featured_image_url":{"full":["https:\/\/flo.org.pl\/wp-content\/uploads\/2022\/12\/19_12_2022_flo_www_grafiki_aktualnosci2.jpg",2533,337,false],"landscape":["https:\/\/flo.org.pl\/wp-content\/uploads\/2022\/12\/19_12_2022_flo_www_grafiki_aktualnosci2.jpg",2533,337,false],"portraits":["https:\/\/flo.org.pl\/wp-content\/uploads\/2022\/12\/19_12_2022_flo_www_grafiki_aktualnosci2.jpg",2533,337,false],"thumbnail":["https:\/\/flo.org.pl\/wp-content\/uploads\/2022\/12\/19_12_2022_flo_www_grafiki_aktualnosci2-150x150.jpg",150,150,true],"medium":["https:\/\/flo.org.pl\/wp-content\/uploads\/2022\/12\/19_12_2022_flo_www_grafiki_aktualnosci2-300x40.jpg",300,40,true],"large":["https:\/\/flo.org.pl\/wp-content\/uploads\/2022\/12\/19_12_2022_flo_www_grafiki_aktualnosci2-1024x136.jpg",740,98,true],"post-slider-thumb-size":["https:\/\/flo.org.pl\/wp-content\/uploads\/2022\/12\/19_12_2022_flo_www_grafiki_aktualnosci2-330x190.jpg",330,190,true],"post-category-slider-size":["https:\/\/flo.org.pl\/wp-content\/uploads\/2022\/12\/19_12_2022_flo_www_grafiki_aktualnosci2-330x337.jpg",330,337,true],"1536x1536":["https:\/\/flo.org.pl\/wp-content\/uploads\/2022\/12\/19_12_2022_flo_www_grafiki_aktualnosci2-1536x204.jpg",1536,204,true],"2048x2048":["https:\/\/flo.org.pl\/wp-content\/uploads\/2022\/12\/19_12_2022_flo_www_grafiki_aktualnosci2-2048x272.jpg",2048,272,true],"coachpress-lite-classic":["https:\/\/flo.org.pl\/wp-content\/uploads\/2022\/12\/19_12_2022_flo_www_grafiki_aktualnosci2-700x337.jpg",700,337,true],"coachpress-lite-classic-full":["https:\/\/flo.org.pl\/wp-content\/uploads\/2022\/12\/19_12_2022_flo_www_grafiki_aktualnosci2-1170x337.jpg",1170,337,true],"coachpress-lite-grid":["https:\/\/flo.org.pl\/wp-content\/uploads\/2022\/12\/19_12_2022_flo_www_grafiki_aktualnosci2-320x198.jpg",320,198,true],"coachpress-lite-grid-full":["https:\/\/flo.org.pl\/wp-content\/uploads\/2022\/12\/19_12_2022_flo_www_grafiki_aktualnosci2-535x331.jpg",535,331,true],"coachpress-lite-promo":["https:\/\/flo.org.pl\/wp-content\/uploads\/2022\/12\/19_12_2022_flo_www_grafiki_aktualnosci2-370x337.jpg",370,337,true],"coachpress-lite-service":["https:\/\/flo.org.pl\/wp-content\/uploads\/2022\/12\/19_12_2022_flo_www_grafiki_aktualnosci2-544x337.jpg",544,337,true],"coachpress-lite-client":["https:\/\/flo.org.pl\/wp-content\/uploads\/2022\/12\/19_12_2022_flo_www_grafiki_aktualnosci2-330x190.jpg",330,190,true],"coachpress-lite-slider":["https:\/\/flo.org.pl\/wp-content\/uploads\/2022\/12\/19_12_2022_flo_www_grafiki_aktualnosci2-1161x337.jpg",1161,337,true],"coachpress-lite-single":["https:\/\/flo.org.pl\/wp-content\/uploads\/2022\/12\/19_12_2022_flo_www_grafiki_aktualnosci2-740x337.jpg",740,337,true],"coachpress-lite-single-full":["https:\/\/flo.org.pl\/wp-content\/uploads\/2022\/12\/19_12_2022_flo_www_grafiki_aktualnosci2-1170x337.jpg",1170,337,true]},"rttpg_author":{"display_name":"flodmin","author_link":"https:\/\/flo.org.pl\/index.php\/author\/flodmin\/"},"rttpg_comment":0,"rttpg_category":null,"rttpg_excerpt":"Jako Organizacja chcemy zmieni\u0107 powszechn\u0105 opini\u0119 na temat os\u00f3b zmagaj\u0105cych si\u0119 z chorob\u0105 oty\u0142o\u015bciow\u0105. Chcemy t\u0119 opini\u0119 wyleczy\u0107 z dyskryminuj\u0105cych, wielokrotnie krzywdz\u0105cych zda\u0144, kt\u00f3re nie maj\u0105 nic wsp\u00f3lnego z dost\u0119pn\u0105 &hellip;","_links":{"self":[{"href":"https:\/\/flo.org.pl\/index.php\/wp-json\/wp\/v2\/pages\/18","targetHints":{"allow":["GET"]}}],"collection":[{"href":"https:\/\/flo.org.pl\/index.php\/wp-json\/wp\/v2\/pages"}],"about":[{"href":"https:\/\/flo.org.pl\/index.php\/wp-json\/wp\/v2\/types\/page"}],"author":[{"embeddable":true,"href":"https:\/\/flo.org.pl\/index.php\/wp-json\/wp\/v2\/users\/1"}],"replies":[{"embeddable":true,"href":"https:\/\/flo.org.pl\/index.php\/wp-json\/wp\/v2\/comments?post=18"}],"version-history":[{"count":15,"href":"https:\/\/flo.org.pl\/index.php\/wp-json\/wp\/v2\/pages\/18\/revisions"}],"predecessor-version":[{"id":452,"href":"https:\/\/flo.org.pl\/index.php\/wp-json\/wp\/v2\/pages\/18\/revisions\/452"}],"wp:featuredmedia":[{"embeddable":true,"href":"https:\/\/flo.org.pl\/index.php\/wp-json\/wp\/v2\/media\/83"}],"wp:attachment":[{"href":"https:\/\/flo.org.pl\/index.php\/wp-json\/wp\/v2\/media?parent=18"}],"curies":[{"name":"wp","href":"https:\/\/api.w.org\/{rel}","templated":true}]}}