{"id":1866,"date":"2025-10-23T15:31:07","date_gmt":"2025-10-23T13:31:07","guid":{"rendered":"https:\/\/flo.org.pl\/?page_id=1866"},"modified":"2026-04-01T14:25:43","modified_gmt":"2026-04-01T12:25:43","slug":"homepage","status":"publish","type":"page","link":"https:\/\/flo.org.pl\/","title":{"rendered":"Homepage"},"content":{"rendered":"\t\t<div data-elementor-type=\"wp-page\" data-elementor-id=\"1866\" class=\"elementor elementor-1866\">\n\t\t\t\t<div class=\"elementor-element elementor-element-8c2ef95 e-flex e-con-boxed e-con e-parent\" data-id=\"8c2ef95\" data-element_type=\"container\">\n\t\t\t\t\t<div class=\"e-con-inner\">\n\t\t\t\t<div class=\"elementor-element elementor-element-b24fca7 elementor-widget elementor-widget-image\" data-id=\"b24fca7\" data-element_type=\"widget\" data-widget_type=\"image.default\">\n\t\t\t\t\t\t\t\t\t\t\t\t\t\t\t<img fetchpriority=\"high\" decoding=\"async\" width=\"1920\" height=\"750\" src=\"https:\/\/flo.org.pl\/wp-content\/uploads\/2025\/11\/Banner_www_FLO2.png\" class=\"attachment-full size-full wp-image-2141\" alt=\"\" srcset=\"https:\/\/flo.org.pl\/wp-content\/uploads\/2025\/11\/Banner_www_FLO2.png 1920w, https:\/\/flo.org.pl\/wp-content\/uploads\/2025\/11\/Banner_www_FLO2-300x117.png 300w, https:\/\/flo.org.pl\/wp-content\/uploads\/2025\/11\/Banner_www_FLO2-1024x400.png 1024w, https:\/\/flo.org.pl\/wp-content\/uploads\/2025\/11\/Banner_www_FLO2-768x300.png 768w, https:\/\/flo.org.pl\/wp-content\/uploads\/2025\/11\/Banner_www_FLO2-1536x600.png 1536w\" sizes=\"(max-width: 1920px) 100vw, 1920px\" \/>\t\t\t\t\t\t\t\t\t\t\t\t\t\t\t<\/div>\n\t\t\t\t\t<\/div>\n\t\t\t\t<\/div>\n\t\t<div class=\"elementor-element elementor-element-7ca3977 e-con-full e-flex e-con e-parent\" data-id=\"7ca3977\" data-element_type=\"container\">\n\t\t<div class=\"elementor-element elementor-element-779842f e-con-full e-flex e-con e-child\" data-id=\"779842f\" data-element_type=\"container\">\n\t\t\t\t<div class=\"elementor-element elementor-element-5928177 elementor-widget__width-initial elementor-widget elementor-widget-image\" data-id=\"5928177\" data-element_type=\"widget\" data-widget_type=\"image.default\">\n\t\t\t\t\t\t\t\t\t\t\t\t\t\t\t<img decoding=\"async\" width=\"961\" height=\"1045\" src=\"https:\/\/flo.org.pl\/wp-content\/uploads\/2023\/04\/20-04-2023-flo-grafika-www-oNas-wybrane.jpg\" class=\"attachment-full size-full wp-image-208\" alt=\"\" srcset=\"https:\/\/flo.org.pl\/wp-content\/uploads\/2023\/04\/20-04-2023-flo-grafika-www-oNas-wybrane.jpg 961w, https:\/\/flo.org.pl\/wp-content\/uploads\/2023\/04\/20-04-2023-flo-grafika-www-oNas-wybrane-276x300.jpg 276w, https:\/\/flo.org.pl\/wp-content\/uploads\/2023\/04\/20-04-2023-flo-grafika-www-oNas-wybrane-942x1024.jpg 942w, https:\/\/flo.org.pl\/wp-content\/uploads\/2023\/04\/20-04-2023-flo-grafika-www-oNas-wybrane-768x835.jpg 768w\" sizes=\"(max-width: 961px) 100vw, 961px\" \/>\t\t\t\t\t\t\t\t\t\t\t\t\t\t\t<\/div>\n\t\t\t\t<\/div>\n\t\t<div class=\"elementor-element elementor-element-51c112f e-con-full e-flex e-con e-child\" data-id=\"51c112f\" data-element_type=\"container\" data-settings=\"{&quot;background_background&quot;:&quot;classic&quot;}\">\n\t\t\t\t<div class=\"elementor-element elementor-element-a6d3a0f elementor-widget elementor-widget-heading\" data-id=\"a6d3a0f\" data-element_type=\"widget\" data-widget_type=\"heading.default\">\n\t\t\t\t\t<h2 class=\"elementor-heading-title elementor-size-default\">O NAS<\/h2>\t\t\t\t<\/div>\n\t\t\t\t<div class=\"elementor-element elementor-element-8750195 elementor-widget elementor-widget-text-editor\" data-id=\"8750195\" data-element_type=\"widget\" data-widget_type=\"text-editor.default\">\n\t\t\t\t\t\t\t\t\t<p>FLO- Fundacja na rzecz Leczenia Oty\u0142o\u015bci (FLO) jest jedyn\u0105 w Polsce aktywn\u0105 organizacj\u0105 pozarz\u0105dow\u0105 w ca\u0142o\u015bci po\u015bwi\u0119con\u0105 chorobie oty\u0142o\u015bciowej. Powsta\u0142a, aby realnie zmienia\u0107 sytuacj\u0119 pacjent\u00f3w, kt\u00f3rych potrzeby przez lata pozostawa\u0142y\u2026<\/p>\t\t\t\t\t\t\t\t<\/div>\n\t\t\t\t<div class=\"elementor-element elementor-element-6ca8452 elementor-widget elementor-widget-button\" data-id=\"6ca8452\" data-element_type=\"widget\" data-widget_type=\"button.default\">\n\t\t\t\t\t\t\t\t\t\t<a class=\"elementor-button elementor-button-link elementor-size-sm\" href=\"https:\/\/flo.org.pl\/index.php\/o-nas\/\">\n\t\t\t\t\t\t<span class=\"elementor-button-content-wrapper\">\n\t\t\t\t\t\t\t\t\t<span class=\"elementor-button-text\">Czytaj wi\u0119cej<\/span>\n\t\t\t\t\t<\/span>\n\t\t\t\t\t<\/a>\n\t\t\t\t\t\t\t\t<\/div>\n\t\t\t\t<\/div>\n\t\t\t\t<\/div>\n\t\t<div class=\"elementor-element elementor-element-830d646 e-flex e-con-boxed e-con e-parent\" data-id=\"830d646\" data-element_type=\"container\">\n\t\t\t\t\t<div class=\"e-con-inner\">\n\t\t<div class=\"elementor-element elementor-element-12c5d76 e-con-full e-flex e-con e-child\" data-id=\"12c5d76\" data-element_type=\"container\">\n\t\t\t\t<div class=\"elementor-element elementor-element-aa2d147 elementor-widget-divider--view-line elementor-widget elementor-widget-divider\" data-id=\"aa2d147\" data-element_type=\"widget\" data-widget_type=\"divider.default\">\n\t\t\t\t\t\t\t<div class=\"elementor-divider\">\n\t\t\t<span class=\"elementor-divider-separator\">\n\t\t\t\t\t\t<\/span>\n\t\t<\/div>\n\t\t\t\t\t\t<\/div>\n\t\t\t\t<\/div>\n\t\t<div class=\"elementor-element elementor-element-41f774a e-con-full e-flex e-con e-child\" data-id=\"41f774a\" data-element_type=\"container\" data-settings=\"{&quot;background_background&quot;:&quot;classic&quot;}\">\n\t\t\t\t<div class=\"elementor-element elementor-element-762d4e6 elementor-widget elementor-widget-heading\" data-id=\"762d4e6\" data-element_type=\"widget\" data-widget_type=\"heading.default\">\n\t\t\t\t\t<h2 class=\"elementor-heading-title elementor-size-default\">PARTNERZY KAMPANII \"Oty\u0142o\u015b\u0107 to choroba. Nie oceniaj, nie odchudzaj, tylko lecz.\"<\/h2>\t\t\t\t<\/div>\n\t\t\t\t<\/div>\n\t\t<div class=\"elementor-element elementor-element-e60d72e e-con-full e-flex e-con e-child\" data-id=\"e60d72e\" data-element_type=\"container\">\n\t\t\t\t<div class=\"elementor-element elementor-element-afceba9 elementor-widget-divider--view-line elementor-widget elementor-widget-divider\" data-id=\"afceba9\" data-element_type=\"widget\" data-widget_type=\"divider.default\">\n\t\t\t\t\t\t\t<div class=\"elementor-divider\">\n\t\t\t<span class=\"elementor-divider-separator\">\n\t\t\t\t\t\t<\/span>\n\t\t<\/div>\n\t\t\t\t\t\t<\/div>\n\t\t\t\t<\/div>\n\t\t\t\t\t<\/div>\n\t\t\t\t<\/div>\n\t\t<div class=\"elementor-element elementor-element-a4f9477 e-flex e-con-boxed e-con e-parent\" data-id=\"a4f9477\" data-element_type=\"container\">\n\t\t\t\t\t<div class=\"e-con-inner\">\n\t\t\t\t<div class=\"elementor-element elementor-element-d3d0986 elementor-widget elementor-widget-image\" data-id=\"d3d0986\" data-element_type=\"widget\" data-widget_type=\"image.default\">\n\t\t\t\t\t\t\t\t\t\t\t\t\t\t\t<img decoding=\"async\" width=\"884\" height=\"795\" src=\"https:\/\/flo.org.pl\/wp-content\/uploads\/2026\/04\/Zrzut-ekranu-2026-04-01-112949.png\" class=\"attachment-full size-full wp-image-2933\" alt=\"\" srcset=\"https:\/\/flo.org.pl\/wp-content\/uploads\/2026\/04\/Zrzut-ekranu-2026-04-01-112949.png 884w, https:\/\/flo.org.pl\/wp-content\/uploads\/2026\/04\/Zrzut-ekranu-2026-04-01-112949-300x270.png 300w, https:\/\/flo.org.pl\/wp-content\/uploads\/2026\/04\/Zrzut-ekranu-2026-04-01-112949-768x691.png 768w\" sizes=\"(max-width: 884px) 100vw, 884px\" \/>\t\t\t\t\t\t\t\t\t\t\t\t\t\t\t<\/div>\n\t\t\t\t\t<\/div>\n\t\t\t\t<\/div>\n\t\t<div class=\"elementor-element elementor-element-f48077e e-flex e-con-boxed e-con e-parent\" data-id=\"f48077e\" data-element_type=\"container\">\n\t\t\t\t\t<div class=\"e-con-inner\">\n\t\t<div class=\"elementor-element elementor-element-4bc14a6 e-con-full e-flex e-con e-child\" data-id=\"4bc14a6\" data-element_type=\"container\">\n\t\t\t\t<div class=\"elementor-element elementor-element-9883b4f elementor-widget elementor-widget-heading\" data-id=\"9883b4f\" data-element_type=\"widget\" data-widget_type=\"heading.default\">\n\t\t\t\t\t<h3 class=\"elementor-heading-title elementor-size-default\">Partnerzy g\u0142\u00f3wni:<\/h3>\t\t\t\t<\/div>\n\t\t\t\t<div class=\"elementor-element elementor-element-47ef16a gallery-spacing-custom elementor-widget__width-initial elementor-widget elementor-widget-image-gallery\" data-id=\"47ef16a\" data-element_type=\"widget\" data-widget_type=\"image-gallery.default\">\n\t\t\t\t\t\t\t<div class=\"elementor-image-gallery\">\n\t\t\t<div id='gallery-1' class='gallery galleryid-1866 gallery-columns-2 gallery-size-full'><figure class='gallery-item'>\r\n    \t\t<div class='gallery-icon landscape'>\r\n    \t\t\t<a href='https:\/\/flo.org.pl\/wp-content\/uploads\/2025\/10\/2.png' data-fancybox='group2' data-caption=''><img loading=\"lazy\" decoding=\"async\" width=\"200\" height=\"190\" src=\"https:\/\/flo.org.pl\/wp-content\/uploads\/2025\/10\/2.png\" class=\"attachment-full size-full\" alt=\"\" \/><\/a>\r\n    \t\t<\/div><\/figure><figure class='gallery-item'>\r\n    \t\t<div class='gallery-icon landscape'>\r\n    \t\t\t<a href='https:\/\/flo.org.pl\/wp-content\/uploads\/2025\/10\/1.png' data-fancybox='group2' data-caption=''><img loading=\"lazy\" decoding=\"async\" width=\"200\" height=\"190\" src=\"https:\/\/flo.org.pl\/wp-content\/uploads\/2025\/10\/1.png\" class=\"attachment-full size-full\" alt=\"\" \/><\/a>\r\n    \t\t<\/div><\/figure>\r\n    \t<\/div>\n\t\t<\/div>\n\t\t\t\t\t\t<\/div>\n\t\t\t\t<\/div>\n\t\t<div class=\"elementor-element elementor-element-4ba197d e-con-full e-flex e-con e-child\" data-id=\"4ba197d\" data-element_type=\"container\">\n\t\t\t\t<div class=\"elementor-element elementor-element-ad2488a elementor-widget elementor-widget-heading\" data-id=\"ad2488a\" data-element_type=\"widget\" data-widget_type=\"heading.default\">\n\t\t\t\t\t<h3 class=\"elementor-heading-title elementor-size-default\">Partnerzy:<\/h3>\t\t\t\t<\/div>\n\t\t\t\t<div class=\"elementor-element elementor-element-3bee5e9 gallery-spacing-custom elementor-widget elementor-widget-image-gallery\" data-id=\"3bee5e9\" data-element_type=\"widget\" data-widget_type=\"image-gallery.default\">\n\t\t\t\t\t\t\t<div class=\"elementor-image-gallery\">\n\t\t\t<div id='gallery-2' class='gallery galleryid-1866 gallery-columns-7 gallery-size-full'><figure class='gallery-item'>\r\n    \t\t<div class='gallery-icon landscape'>\r\n    \t\t\t<a href='https:\/\/flo.org.pl\/wp-content\/uploads\/2025\/06\/logotyp_wer_polska_png-3.png' data-fancybox='group7' data-caption=''><img loading=\"lazy\" decoding=\"async\" width=\"200\" height=\"199\" src=\"https:\/\/flo.org.pl\/wp-content\/uploads\/2025\/06\/logotyp_wer_polska_png-3.png\" class=\"attachment-full size-full\" alt=\"\" srcset=\"https:\/\/flo.org.pl\/wp-content\/uploads\/2025\/06\/logotyp_wer_polska_png-3.png 200w, https:\/\/flo.org.pl\/wp-content\/uploads\/2025\/06\/logotyp_wer_polska_png-3-150x150.png 150w\" sizes=\"(max-width: 200px) 100vw, 200px\" \/><\/a>\r\n    \t\t<\/div><\/figure><figure class='gallery-item'>\r\n    \t\t<div class='gallery-icon landscape'>\r\n    \t\t\t<a href='https:\/\/flo.org.pl\/wp-content\/uploads\/2026\/04\/ENERGA_LOGO_WWW.png' data-fancybox='group7' data-caption=''><img loading=\"lazy\" decoding=\"async\" width=\"200\" height=\"190\" src=\"https:\/\/flo.org.pl\/wp-content\/uploads\/2026\/04\/ENERGA_LOGO_WWW.png\" class=\"attachment-full size-full\" alt=\"\" \/><\/a>\r\n    \t\t<\/div><\/figure><figure class='gallery-item'>\r\n    \t\t<div class='gallery-icon landscape'>\r\n    \t\t\t<a href='https:\/\/flo.org.pl\/wp-content\/uploads\/2025\/10\/3.png' data-fancybox='group7' data-caption=''><img loading=\"lazy\" decoding=\"async\" width=\"200\" height=\"190\" src=\"https:\/\/flo.org.pl\/wp-content\/uploads\/2025\/10\/3.png\" class=\"attachment-full size-full\" alt=\"\" \/><\/a>\r\n    \t\t<\/div><\/figure><figure class='gallery-item'>\r\n    \t\t<div class='gallery-icon landscape'>\r\n    \t\t\t<a href='https:\/\/flo.org.pl\/wp-content\/uploads\/2025\/10\/4.png' data-fancybox='group7' data-caption=''><img loading=\"lazy\" decoding=\"async\" width=\"200\" height=\"190\" src=\"https:\/\/flo.org.pl\/wp-content\/uploads\/2025\/10\/4.png\" class=\"attachment-full size-full\" alt=\"\" \/><\/a>\r\n    \t\t<\/div><\/figure><figure class='gallery-item'>\r\n    \t\t<div class='gallery-icon landscape'>\r\n    \t\t\t<a href='https:\/\/flo.org.pl\/wp-content\/uploads\/2025\/09\/BS.png' data-fancybox='group7' data-caption=''><img loading=\"lazy\" decoding=\"async\" width=\"200\" height=\"190\" src=\"https:\/\/flo.org.pl\/wp-content\/uploads\/2025\/09\/BS.png\" class=\"attachment-full size-full\" alt=\"\" \/><\/a>\r\n    \t\t<\/div><\/figure><figure class='gallery-item'>\r\n    \t\t<div class='gallery-icon landscape'>\r\n    \t\t\t<a href='https:\/\/flo.org.pl\/wp-content\/uploads\/2025\/09\/BI.png' data-fancybox='group7' data-caption=''><img loading=\"lazy\" decoding=\"async\" width=\"200\" height=\"190\" src=\"https:\/\/flo.org.pl\/wp-content\/uploads\/2025\/09\/BI.png\" class=\"attachment-full size-full\" alt=\"\" \/><\/a>\r\n    \t\t<\/div><\/figure><figure class='gallery-item'>\r\n    \t\t<div class='gallery-icon landscape'>\r\n    \t\t\t<a href='https:\/\/flo.org.pl\/wp-content\/uploads\/2026\/04\/Medicover_LOGO_WWW.png' data-fancybox='group7' data-caption=''><img loading=\"lazy\" decoding=\"async\" width=\"200\" height=\"190\" src=\"https:\/\/flo.org.pl\/wp-content\/uploads\/2026\/04\/Medicover_LOGO_WWW.png\" class=\"attachment-full size-full\" alt=\"\" \/><\/a>\r\n    \t\t<\/div><\/figure>\r\n    \t<\/div>\n\t\t<\/div>\n\t\t\t\t\t\t<\/div>\n\t\t\t\t<\/div>\n\t\t\t\t\t<\/div>\n\t\t\t\t<\/div>\n\t\t<div class=\"elementor-element elementor-element-e964653 e-flex e-con-boxed e-con e-parent\" data-id=\"e964653\" data-element_type=\"container\">\n\t\t\t\t\t<div class=\"e-con-inner\">\n\t\t\t\t<div class=\"elementor-element elementor-element-424914b elementor-widget elementor-widget-heading\" data-id=\"424914b\" data-element_type=\"widget\" data-widget_type=\"heading.default\">\n\t\t\t\t\t<h2 class=\"elementor-heading-title elementor-size-default\">AKTUALNO\u015aCI<\/h2>\t\t\t\t<\/div>\n\t\t\t\t<div class=\"elementor-element elementor-element-a59c549 meta-visibility-show title_position_default title_hover_border_default title-default img_hover_animation_default meta_position_default tpg-category-position-default readmore-btn-default-style grid-hover-overlay-type-always tpg-el-box-border-enable tpg-border-bottom-disable elementor-widget elementor-widget-tpg-grid-layout\" data-id=\"a59c549\" data-element_type=\"widget\" data-widget_type=\"tpg-grid-layout.default\">\n\t\t\t\t<div class=\"elementor-widget-container\">\n\t\t\t\t\t\t\t<div class=\"rt-container-fluid rt-tpg-container tpg-el-main-wrapper clearfix grid-layout4-main \"\n\t\t\t id=\"rt-tpg-container-3639617033\"\n\t\t\t data-layout=\"grid-layout4\"\n\t\t\t data-grid-style=\"tpg-full-height\"\n\t\t\t data-sc-id=\"elementor\"\n\t\t\t data-el-settings=''\n\t\t\t data-el-query=''\n\t\t\t data-el-path=''\n\t\t>\n\t\t\t\t\t\t<div class='tpg-header-wrapper '>\n\t\t\t\t\t\t\t<\/div>\n\n\t\t\t<div data-title=\"Loading ...\" class=\"rt-row rt-content-loader grid-layout4 grid-behaviour tpg-full-height grid_layout_wrapper\">\n\t\t\t\t\n<div class=\"rt-col-md-4 rt-col-sm-6 rt-col-xs-12 default rt-grid-item\" data-id=\"2931\">\n\t<div class=\"rt-holder tpg-post-holder \">\n\t\t<div class=\"rt-detail rt-el-content-wrapper\">\n\t\t\t\t\t\t\t<div class=\"rt-img-holder tpg-el-image-wrap has-thumbnail\">\n\t\t\t\t\t<a data-id=\"2931\" href=\"https:\/\/flo.org.pl\/index.php\/2026\/04\/01\/akademia-pacjenta-chorujacego-na-otylosc-juz-16-kwietnia-w-ciechanowie\/\" class=\"tpg-post-link\" target=\"_self\">                        <img loading=\"lazy\" decoding=\"async\" src=\"https:\/\/flo.org.pl\/wp-content\/uploads\/2026\/04\/zaproszenie-Ciechanow-768x403.jpg\"\n                             class=\"rt-img-responsive\"\n                             width=\"740\"\n                             height=\"388\"\n                             alt=\"Akademia Pacjenta Choruj\u0105cego na Oty\u0142o\u015b\u0107 ju\u017c 16 kwietnia w Ciechanowie!\">\n\t\t\t\t\t\t\n\t\t\t\t\t\t\t\n\t\t<\/a>\n\t\t        <div class=\"overlay grid-hover-content\"><\/div>\n\t\t\t\t\t\t<\/div>\n\t\t\t\n\t\t\t<div class=\"entry-title-wrapper\">        <div class=\"tpg-separate-category style1 top_left cat-above-title\">\n\t\t\t<span class='categories-links'>\n\t\t\t\n\t\t\t<a class=\"akademia\" href=\"https:\/\/flo.org.pl\/index.php\/category\/akademia\/\">Akademia<\/a>\t\t\t<\/span>\n        <\/div>\n\t\t<h3 class=\"entry-title\"><a data-id=\"2931\" href=\"https:\/\/flo.org.pl\/index.php\/2026\/04\/01\/akademia-pacjenta-chorujacego-na-otylosc-juz-16-kwietnia-w-ciechanowie\/\" class=\"tpg-post-link\" target=\"_self\">Akademia Pacjenta Choruj\u0105cego na Oty\u0142o\u015b\u0107 ju\u017c 16 kwietnia w Ciechanowie!<\/a><\/h3><\/div>\n\t\t\t\t\t\t\t<div class=\"post-meta-tags rt-el-post-meta\">\n\t\t\t\t\t            <span class='date'>\n\t\t\t\t<i class='flaticon-calendar '><\/i>\t\t\t\t                    <a href=\"https:\/\/flo.org.pl\/index.php\/2026\/04\/01\/\">\n\t\t\t\t\t2026-04-01\t\t\t\t<\/a>\n\t\t\t\t\t\t\t<\/span>\n\t\t\t            <span class='categories-links'>\n\t\t\t\t<i class='flaticon-folder '><\/i><a class=\"akademia\" href=\"https:\/\/flo.org.pl\/index.php\/category\/akademia\/\">Akademia<\/a>\t\t\t<\/span>\n\t\t\t\t\t\t\t<\/div>\n\t\t\t\n\t\t\t\t\t\t\t<div class=\"tpg-excerpt tpg-el-excerpt\">\n\t\t\t\t\t\t\t\t\t\t\t<div class=\"tpg-excerpt-inner\">\n\t\t\t\t\t\t\tRuszy\u0142a rejestracja na pierwsz\u0105 w tym roku \u201cAkademi\u0119 Pacjenta Choruj\u0105cego na Oty\u0142o\u015b\u0107\u201d kt\u00f3ra odb\u0119dzie si\u0119 ju\u017c 16 kwietnia w Ciechanowie w Klubokawiarni W18. To...\t\t\t\t\t\t<\/div>\n\t\t\t\t\t\t\t\t\t\t\t\t\t\t<\/div>\n\t\t\t\n\t\t\t        <div class=\"post-footer\">\n            <div class=\"post-footer\">\n                <div class=\"read-more\">\n\t\t\t\t\t<a data-id=\"2931\" href=\"https:\/\/flo.org.pl\/index.php\/2026\/04\/01\/akademia-pacjenta-chorujacego-na-otylosc-juz-16-kwietnia-w-ciechanowie\/\" class=\"tpg-post-link\" target=\"_self\">Read More<\/a>                <\/div>\n            <\/div>\n        <\/div>\n\t\t\t\t<\/div>\n\t<\/div>\n<\/div>\n\n<div class=\"rt-col-md-4 rt-col-sm-6 rt-col-xs-12 default rt-grid-item\" data-id=\"2751\">\n\t<div class=\"rt-holder tpg-post-holder \">\n\t\t<div class=\"rt-detail rt-el-content-wrapper\">\n\t\t\t\t\t\t\t<div class=\"rt-img-holder tpg-el-image-wrap has-thumbnail\">\n\t\t\t\t\t<a data-id=\"2751\" href=\"https:\/\/flo.org.pl\/index.php\/2026\/03\/04\/choroba-otylosciowa-ma-swoj-symbol\/\" class=\"tpg-post-link\" target=\"_self\">                        <img loading=\"lazy\" decoding=\"async\" src=\"https:\/\/flo.org.pl\/wp-content\/uploads\/2026\/03\/55129246612_3701ef535c_c-768x512.jpg\"\n                             class=\"rt-img-responsive\"\n                             width=\"740\"\n                             height=\"493\"\n                             alt=\"Choroba oty\u0142o\u015bciowa ma sw\u00f3j symbol!\">\n\t\t\t\t\t\t\n\t\t\t\t\t\t\t\n\t\t<\/a>\n\t\t        <div class=\"overlay grid-hover-content\"><\/div>\n\t\t\t\t\t\t<\/div>\n\t\t\t\n\t\t\t<div class=\"entry-title-wrapper\">        <div class=\"tpg-separate-category style1 top_left cat-above-title\">\n\t\t\t<span class='categories-links'>\n\t\t\t\n\t\t\t<a class=\"kampania-otylosc-to-choroba-nie-oceniaj-nie-odchudzaj-tylko-lecz\" href=\"https:\/\/flo.org.pl\/index.php\/category\/materialy_edukacyjne\/edukacja\/kampania-otylosc-to-choroba-nie-oceniaj-nie-odchudzaj-tylko-lecz\/\">Kampania - Oty\u0142o\u015b\u0107 to choroba.Nie oceniaj, nie odchudzaj, tylko lecz.<\/a>\t\t\t<\/span>\n        <\/div>\n\t\t<h3 class=\"entry-title\"><a data-id=\"2751\" href=\"https:\/\/flo.org.pl\/index.php\/2026\/03\/04\/choroba-otylosciowa-ma-swoj-symbol\/\" class=\"tpg-post-link\" target=\"_self\">Choroba oty\u0142o\u015bciowa ma sw\u00f3j symbol!<\/a><\/h3><\/div>\n\t\t\t\t\t\t\t<div class=\"post-meta-tags rt-el-post-meta\">\n\t\t\t\t\t            <span class='date'>\n\t\t\t\t<i class='flaticon-calendar '><\/i>\t\t\t\t                    <a href=\"https:\/\/flo.org.pl\/index.php\/2026\/03\/04\/\">\n\t\t\t\t\t2026-03-04\t\t\t\t<\/a>\n\t\t\t\t\t\t\t<\/span>\n\t\t\t            <span class='categories-links'>\n\t\t\t\t<i class='flaticon-folder '><\/i><a class=\"kampania-otylosc-to-choroba-nie-oceniaj-nie-odchudzaj-tylko-lecz\" href=\"https:\/\/flo.org.pl\/index.php\/category\/materialy_edukacyjne\/edukacja\/kampania-otylosc-to-choroba-nie-oceniaj-nie-odchudzaj-tylko-lecz\/\">Kampania - Oty\u0142o\u015b\u0107 to choroba.Nie oceniaj, nie odchudzaj, tylko lecz.<\/a>\t\t\t<\/span>\n\t\t\t\t\t\t\t<\/div>\n\t\t\t\n\t\t\t\t\t\t\t<div class=\"tpg-excerpt tpg-el-excerpt\">\n\t\t\t\t\t\t\t\t\t\t\t<div class=\"tpg-excerpt-inner\">\n\t\t\t\t\t\t\t5 marca Senacie RP, po raz pierwszy zaprezentowali\u015by oficjalny symbol choroby oty\u0142o\u015bciowej!\u00a0B\u0119dzie nim bia\u0142a wst\u0105\u017cka z ma\u0142ymi, kolorowymi wst\u0105\u017ceczkami, kt\u00f3re...\t\t\t\t\t\t<\/div>\n\t\t\t\t\t\t\t\t\t\t\t\t\t\t<\/div>\n\t\t\t\n\t\t\t        <div class=\"post-footer\">\n            <div class=\"post-footer\">\n                <div class=\"read-more\">\n\t\t\t\t\t<a data-id=\"2751\" href=\"https:\/\/flo.org.pl\/index.php\/2026\/03\/04\/choroba-otylosciowa-ma-swoj-symbol\/\" class=\"tpg-post-link\" target=\"_self\">Read More<\/a>                <\/div>\n            <\/div>\n        <\/div>\n\t\t\t\t<\/div>\n\t<\/div>\n<\/div>\n\n<div class=\"rt-col-md-4 rt-col-sm-6 rt-col-xs-12 default rt-grid-item\" data-id=\"2746\">\n\t<div class=\"rt-holder tpg-post-holder \">\n\t\t<div class=\"rt-detail rt-el-content-wrapper\">\n\t\t\t\t\t\t\t<div class=\"rt-img-holder tpg-el-image-wrap has-thumbnail\">\n\t\t\t\t\t<a data-id=\"2746\" href=\"https:\/\/flo.org.pl\/index.php\/2026\/03\/04\/rusza-infolinia-flo-dla-pacjentow\/\" class=\"tpg-post-link\" target=\"_self\">                        <img loading=\"lazy\" decoding=\"async\" src=\"https:\/\/flo.org.pl\/wp-content\/uploads\/2026\/03\/2026_OTC_INFOLINIA-1-768x317.png\"\n                             class=\"rt-img-responsive\"\n                             width=\"740\"\n                             height=\"305\"\n                             alt=\"Rusza Infolinia FLO dla pacjent\u00f3w!\">\n\t\t\t\t\t\t\n\t\t\t\t\t\t\t\n\t\t<\/a>\n\t\t        <div class=\"overlay grid-hover-content\"><\/div>\n\t\t\t\t\t\t<\/div>\n\t\t\t\n\t\t\t<div class=\"entry-title-wrapper\">        <div class=\"tpg-separate-category style1 top_left cat-above-title\">\n\t\t\t<span class='categories-links'>\n\t\t\t\n\t\t\t<a class=\"kampania-otylosc-to-choroba-nie-oceniaj-nie-odchudzaj-tylko-lecz\" href=\"https:\/\/flo.org.pl\/index.php\/category\/materialy_edukacyjne\/edukacja\/kampania-otylosc-to-choroba-nie-oceniaj-nie-odchudzaj-tylko-lecz\/\">Kampania - Oty\u0142o\u015b\u0107 to choroba.Nie oceniaj, nie odchudzaj, tylko lecz.<\/a>\t\t\t<\/span>\n        <\/div>\n\t\t<h3 class=\"entry-title\"><a data-id=\"2746\" href=\"https:\/\/flo.org.pl\/index.php\/2026\/03\/04\/rusza-infolinia-flo-dla-pacjentow\/\" class=\"tpg-post-link\" target=\"_self\">Rusza Infolinia FLO dla pacjent\u00f3w!<\/a><\/h3><\/div>\n\t\t\t\t\t\t\t<div class=\"post-meta-tags rt-el-post-meta\">\n\t\t\t\t\t            <span class='date'>\n\t\t\t\t<i class='flaticon-calendar '><\/i>\t\t\t\t                    <a href=\"https:\/\/flo.org.pl\/index.php\/2026\/03\/04\/\">\n\t\t\t\t\t2026-03-04\t\t\t\t<\/a>\n\t\t\t\t\t\t\t<\/span>\n\t\t\t            <span class='categories-links'>\n\t\t\t\t<i class='flaticon-folder '><\/i><a class=\"kampania-otylosc-to-choroba-nie-oceniaj-nie-odchudzaj-tylko-lecz\" href=\"https:\/\/flo.org.pl\/index.php\/category\/materialy_edukacyjne\/edukacja\/kampania-otylosc-to-choroba-nie-oceniaj-nie-odchudzaj-tylko-lecz\/\">Kampania - Oty\u0142o\u015b\u0107 to choroba.Nie oceniaj, nie odchudzaj, tylko lecz.<\/a>\t\t\t<\/span>\n\t\t\t\t\t\t\t<\/div>\n\t\t\t\n\t\t\t\t\t\t\t<div class=\"tpg-excerpt tpg-el-excerpt\">\n\t\t\t\t\t\t\t\t\t\t\t<div class=\"tpg-excerpt-inner\">\n\t\t\t\t\t\t\tDzi\u015b \u015awiatowy Dzie\u0144 Oty\u0142o\u015bci a my uruchamiamy pierwsz\u0105 infolini\u0119 dla os\u00f3b z chorob\u0105 oty\u0142o\u015bciow\u0105 i ich bliskich! Jej g\u0142\u00f3wnym celem jest zwi\u0119kszenie dost\u0119pu do...\t\t\t\t\t\t<\/div>\n\t\t\t\t\t\t\t\t\t\t\t\t\t\t<\/div>\n\t\t\t\n\t\t\t        <div class=\"post-footer\">\n            <div class=\"post-footer\">\n                <div class=\"read-more\">\n\t\t\t\t\t<a data-id=\"2746\" href=\"https:\/\/flo.org.pl\/index.php\/2026\/03\/04\/rusza-infolinia-flo-dla-pacjentow\/\" class=\"tpg-post-link\" target=\"_self\">Read More<\/a>                <\/div>\n            <\/div>\n        <\/div>\n\t\t\t\t<\/div>\n\t<\/div>\n<\/div>\n\t\t\t<\/div>\n\t\t\t\n\t\t<\/div>\n\t\t\t\t\t\t<\/div>\n\t\t\t\t<\/div>\n\t\t\t\t<div class=\"elementor-element elementor-element-cc6b4b0 elementor-align-center elementor-widget elementor-widget-button\" data-id=\"cc6b4b0\" data-element_type=\"widget\" data-widget_type=\"button.default\">\n\t\t\t\t\t\t\t\t\t\t<a class=\"elementor-button elementor-button-link elementor-size-sm\" href=\"https:\/\/flo.org.pl\/index.php\/aktualnosci\/\">\n\t\t\t\t\t\t<span class=\"elementor-button-content-wrapper\">\n\t\t\t\t\t\t\t\t\t<span class=\"elementor-button-text\">Zobacz wszystkie wpisy<\/span>\n\t\t\t\t\t<\/span>\n\t\t\t\t\t<\/a>\n\t\t\t\t\t\t\t\t<\/div>\n\t\t\t\t\t<\/div>\n\t\t\t\t<\/div>\n\t\t\t\t<\/div>\n\t\t","protected":false},"excerpt":{"rendered":"<p>O NAS FLO- Fundacja na rzecz Leczenia Oty\u0142o\u015bci (FLO) jest jedyn\u0105 w Polsce aktywn\u0105 organizacj\u0105 pozarz\u0105dow\u0105 w ca\u0142o\u015bci po\u015bwi\u0119con\u0105 chorobie oty\u0142o\u015bciowej. Powsta\u0142a, aby realnie zmienia\u0107 sytuacj\u0119 pacjent\u00f3w, kt\u00f3rych potrzeby przez &hellip; <\/p>\n","protected":false},"author":6,"featured_media":0,"parent":0,"menu_order":0,"comment_status":"closed","ping_status":"closed","template":"","meta":{"footnotes":""},"class_list":["post-1866","page","type-page","status-publish","hentry","has-meta has-sticky-meta"],"rttpg_featured_image_url":null,"rttpg_author":{"display_name":"Katarzyna W\u00f3jcik","author_link":"https:\/\/flo.org.pl\/index.php\/author\/kwojcik\/"},"rttpg_comment":0,"rttpg_category":"","rttpg_excerpt":"O NAS FLO- Fundacja na rzecz Leczenia Oty\u0142o\u015bci (FLO) jest jedyn\u0105 w Polsce aktywn\u0105 organizacj\u0105 pozarz\u0105dow\u0105 w ca\u0142o\u015bci po\u015bwi\u0119con\u0105 chorobie oty\u0142o\u015bciowej. Powsta\u0142a, aby realnie zmienia\u0107 sytuacj\u0119 pacjent\u00f3w, kt\u00f3rych potrzeby przez &hellip;","_links":{"self":[{"href":"https:\/\/flo.org.pl\/index.php\/wp-json\/wp\/v2\/pages\/1866","targetHints":{"allow":["GET"]}}],"collection":[{"href":"https:\/\/flo.org.pl\/index.php\/wp-json\/wp\/v2\/pages"}],"about":[{"href":"https:\/\/flo.org.pl\/index.php\/wp-json\/wp\/v2\/types\/page"}],"author":[{"embeddable":true,"href":"https:\/\/flo.org.pl\/index.php\/wp-json\/wp\/v2\/users\/6"}],"replies":[{"embeddable":true,"href":"https:\/\/flo.org.pl\/index.php\/wp-json\/wp\/v2\/comments?post=1866"}],"version-history":[{"count":103,"href":"https:\/\/flo.org.pl\/index.php\/wp-json\/wp\/v2\/pages\/1866\/revisions"}],"predecessor-version":[{"id":2949,"href":"https:\/\/flo.org.pl\/index.php\/wp-json\/wp\/v2\/pages\/1866\/revisions\/2949"}],"wp:attachment":[{"href":"https:\/\/flo.org.pl\/index.php\/wp-json\/wp\/v2\/media?parent=1866"}],"curies":[{"name":"wp","href":"https:\/\/api.w.org\/{rel}","templated":true}]}}