{"id":2493,"date":"2026-01-13T16:57:12","date_gmt":"2026-01-13T15:57:12","guid":{"rendered":"https:\/\/flo.org.pl\/?page_id=2493"},"modified":"2026-01-13T17:12:40","modified_gmt":"2026-01-13T16:12:40","slug":"podcast","status":"publish","type":"page","link":"https:\/\/flo.org.pl\/index.php\/podcast\/","title":{"rendered":"Podcast E66.0"},"content":{"rendered":"\t\t<div data-elementor-type=\"wp-page\" data-elementor-id=\"2493\" class=\"elementor elementor-2493\">\n\t\t\t\t<div class=\"elementor-element elementor-element-048820c e-flex e-con-boxed e-con e-parent\" data-id=\"048820c\" data-element_type=\"container\" data-settings=\"{&quot;background_background&quot;:&quot;classic&quot;}\">\n\t\t\t\t\t<div class=\"e-con-inner\">\n\t\t\t\t<div class=\"elementor-element elementor-element-a2a8d7e elementor-widget elementor-widget-heading\" data-id=\"a2a8d7e\" data-element_type=\"widget\" data-widget_type=\"heading.default\">\n\t\t\t\t\t<h2 class=\"elementor-heading-title elementor-size-default\">Podcast E66.0<\/h2>\t\t\t\t<\/div>\n\t\t\t\t\t<\/div>\n\t\t\t\t<\/div>\n\t\t<div class=\"elementor-element elementor-element-d36a685 e-grid e-con-boxed e-con e-parent\" data-id=\"d36a685\" data-element_type=\"container\">\n\t\t\t\t\t<div class=\"e-con-inner\">\n\t\t\t\t<div class=\"elementor-element elementor-element-a71cafe elementor-grid-eael-col-3 elementor-grid-tablet-eael-col-2 elementor-grid-mobile-eael-col-1 elementor-widget elementor-widget-eael-post-grid\" data-id=\"a71cafe\" data-element_type=\"widget\" data-settings=\"{&quot;eael_post_grid_columns&quot;:&quot;eael-col-3&quot;,&quot;eael_post_grid_columns_tablet&quot;:&quot;eael-col-2&quot;,&quot;eael_post_grid_columns_mobile&quot;:&quot;eael-col-1&quot;}\" data-widget_type=\"eael-post-grid.default\">\n\t\t\t\t\t<div id=\"eael-post-grid-a71cafe\" class=\"eael-post-grid-container\">\n            <div class=\"eael-post-grid eael-post-appender eael-post-appender-a71cafe eael-post-grid-style-two\" data-layout-mode=\"masonry\"><article class=\"eael-grid-post eael-post-grid-column\" data-id=\"2297\">\n    <div class=\"eael-grid-post-holder\">\n        <div class=\"eael-grid-post-holder-inner\"><div class=\"eael-entry-media\"><div class=\"eael-entry-overlay fade-in\"><i class=\"fas fa-long-arrow-alt-right\" aria-hidden=\"true\"><\/i><a href=\"https:\/\/flo.org.pl\/index.php\/2025\/11\/26\/podcast-e66-0-historia-asi\/\"><\/a><\/div><div class=\"eael-entry-thumbnail \">\n                            <img fetchpriority=\"high\" decoding=\"async\" width=\"740\" height=\"416\" src=\"https:\/\/flo.org.pl\/wp-content\/uploads\/2025\/11\/Podcast_depresja_JG-1024x576.jpg\" class=\"attachment-large size-large wp-image-2298\" alt=\"\" srcset=\"https:\/\/flo.org.pl\/wp-content\/uploads\/2025\/11\/Podcast_depresja_JG-1024x576.jpg 1024w, https:\/\/flo.org.pl\/wp-content\/uploads\/2025\/11\/Podcast_depresja_JG-300x169.jpg 300w, https:\/\/flo.org.pl\/wp-content\/uploads\/2025\/11\/Podcast_depresja_JG-768x432.jpg 768w, https:\/\/flo.org.pl\/wp-content\/uploads\/2025\/11\/Podcast_depresja_JG-1536x864.jpg 1536w, https:\/\/flo.org.pl\/wp-content\/uploads\/2025\/11\/Podcast_depresja_JG-2048x1152.jpg 2048w\" sizes=\"(max-width: 740px) 100vw, 740px\" \/>\n                            <\/div>\n                    <\/div><div class=\"eael-entry-wrapper\"><header class=\"eael-entry-header\"><h2 class=\"eael-entry-title\"><a class=\"eael-grid-post-link\" href=\"https:\/\/flo.org.pl\/index.php\/2025\/11\/26\/podcast-e66-0-historia-asi\/\" title=\"Podcast E66.0 &#8211; historia Asi\">Podcast E66.0 &#8211; historia Asi<\/a><\/h2><\/header><div class=\"eael-entry-content\">\n                                <div class=\"eael-grid-post-excerpt\"><p>Zach\u0119camy do wys\u0142uchania historii Asi &#8211; Ambasadorki FLO w kolejnym...<\/p><a href=\"https:\/\/flo.org.pl\/index.php\/2025\/11\/26\/podcast-e66-0-historia-asi\/\" class=\"eael-post-elements-readmore-btn\">Read More<\/a><\/div>\n                            <\/div><div class=\"eael-entry-header-after style-two\"><div class=\"eael-entry-meta\"><span class=\"eael-meta-posted-on\"><i class=\"far fa-clock\"><\/i><time datetime=\"2025-11-26\">2025-11-26<\/time><\/span><\/div><\/div><\/div><\/div>\n    <\/div>\n<\/article><article class=\"eael-grid-post eael-post-grid-column\" data-id=\"2288\">\n    <div class=\"eael-grid-post-holder\">\n        <div class=\"eael-grid-post-holder-inner\"><div class=\"eael-entry-media\"><div class=\"eael-entry-overlay fade-in\"><i class=\"fas fa-long-arrow-alt-right\" aria-hidden=\"true\"><\/i><a href=\"https:\/\/flo.org.pl\/index.php\/2025\/11\/22\/podcast-e66-0-wywiad-z-adrianna-sobol\/\"><\/a><\/div><div class=\"eael-entry-thumbnail \">\n                            <img decoding=\"async\" width=\"740\" height=\"416\" src=\"https:\/\/flo.org.pl\/wp-content\/uploads\/2025\/11\/Podcast_depresja_AS-1024x576.jpg\" class=\"attachment-large size-large wp-image-2289\" alt=\"\" srcset=\"https:\/\/flo.org.pl\/wp-content\/uploads\/2025\/11\/Podcast_depresja_AS-1024x576.jpg 1024w, https:\/\/flo.org.pl\/wp-content\/uploads\/2025\/11\/Podcast_depresja_AS-300x169.jpg 300w, https:\/\/flo.org.pl\/wp-content\/uploads\/2025\/11\/Podcast_depresja_AS-768x432.jpg 768w, https:\/\/flo.org.pl\/wp-content\/uploads\/2025\/11\/Podcast_depresja_AS-1536x864.jpg 1536w, https:\/\/flo.org.pl\/wp-content\/uploads\/2025\/11\/Podcast_depresja_AS-2048x1152.jpg 2048w\" sizes=\"(max-width: 740px) 100vw, 740px\" \/>\n                            <\/div>\n                    <\/div><div class=\"eael-entry-wrapper\"><header class=\"eael-entry-header\"><h2 class=\"eael-entry-title\"><a class=\"eael-grid-post-link\" href=\"https:\/\/flo.org.pl\/index.php\/2025\/11\/22\/podcast-e66-0-wywiad-z-adrianna-sobol\/\" title=\"Podcast E66.0 &#8211; wywiad z Adrianna Sobol\">Podcast E66.0 &#8211; wywiad z Adrianna Sobol<\/a><\/h2><\/header><div class=\"eael-entry-content\">\n                                <div class=\"eael-grid-post-excerpt\"><p>Z czym mierz\u0105 si\u0119 pacjenci z chorob\u0105 oty\u0142o\u015bciow\u0105? Jak emocje...<\/p><a href=\"https:\/\/flo.org.pl\/index.php\/2025\/11\/22\/podcast-e66-0-wywiad-z-adrianna-sobol\/\" class=\"eael-post-elements-readmore-btn\">Read More<\/a><\/div>\n                            <\/div><div class=\"eael-entry-header-after style-two\"><div class=\"eael-entry-meta\"><span class=\"eael-meta-posted-on\"><i class=\"far fa-clock\"><\/i><time datetime=\"2025-11-22\">2025-11-22<\/time><\/span><\/div><\/div><\/div><\/div>\n    <\/div>\n<\/article><article class=\"eael-grid-post eael-post-grid-column\" data-id=\"1825\">\n    <div class=\"eael-grid-post-holder\">\n        <div class=\"eael-grid-post-holder-inner\"><div class=\"eael-entry-media\"><div class=\"eael-entry-overlay fade-in\"><i class=\"fas fa-long-arrow-alt-right\" aria-hidden=\"true\"><\/i><a href=\"https:\/\/flo.org.pl\/index.php\/2025\/10\/17\/nowy-odcinek-podcastu-e66-0-z-udzialem-ambasadorki-flo\/\"><\/a><\/div><div class=\"eael-entry-thumbnail \">\n                            <img decoding=\"async\" width=\"740\" height=\"416\" src=\"https:\/\/flo.org.pl\/wp-content\/uploads\/2025\/10\/Ewelina_planszaYT-1024x576.png\" class=\"attachment-large size-large wp-image-1826\" alt=\"\" srcset=\"https:\/\/flo.org.pl\/wp-content\/uploads\/2025\/10\/Ewelina_planszaYT-1024x576.png 1024w, https:\/\/flo.org.pl\/wp-content\/uploads\/2025\/10\/Ewelina_planszaYT-300x169.png 300w, https:\/\/flo.org.pl\/wp-content\/uploads\/2025\/10\/Ewelina_planszaYT-768x432.png 768w, https:\/\/flo.org.pl\/wp-content\/uploads\/2025\/10\/Ewelina_planszaYT-1536x864.png 1536w, https:\/\/flo.org.pl\/wp-content\/uploads\/2025\/10\/Ewelina_planszaYT.png 2048w\" sizes=\"(max-width: 740px) 100vw, 740px\" \/>\n                            <\/div>\n                    <\/div><div class=\"eael-entry-wrapper\"><header class=\"eael-entry-header\"><h2 class=\"eael-entry-title\"><a class=\"eael-grid-post-link\" href=\"https:\/\/flo.org.pl\/index.php\/2025\/10\/17\/nowy-odcinek-podcastu-e66-0-z-udzialem-ambasadorki-flo\/\" title=\"Nowy odcinek podcastu E66.0 z udzia\u0142em Ambasadorki FLO!\">Nowy odcinek podcastu E66.0 z udzia\u0142em Ambasadorki FLO!<\/a><\/h2><\/header><div class=\"eael-entry-content\">\n                                <div class=\"eael-grid-post-excerpt\"><p>Remisja oty\u0142o\u015bci to nie tylko inny wygl\u0105d. To nowe serce,...<\/p><a href=\"https:\/\/flo.org.pl\/index.php\/2025\/10\/17\/nowy-odcinek-podcastu-e66-0-z-udzialem-ambasadorki-flo\/\" class=\"eael-post-elements-readmore-btn\">Read More<\/a><\/div>\n                            <\/div><div class=\"eael-entry-header-after style-two\"><div class=\"eael-entry-meta\"><span class=\"eael-meta-posted-on\"><i class=\"far fa-clock\"><\/i><time datetime=\"2025-10-17\">2025-10-17<\/time><\/span><\/div><\/div><\/div><\/div>\n    <\/div>\n<\/article><article class=\"eael-grid-post eael-post-grid-column\" data-id=\"1782\">\n    <div class=\"eael-grid-post-holder\">\n        <div class=\"eael-grid-post-holder-inner\"><div class=\"eael-entry-media\"><div class=\"eael-entry-overlay fade-in\"><i class=\"fas fa-long-arrow-alt-right\" aria-hidden=\"true\"><\/i><a href=\"https:\/\/flo.org.pl\/index.php\/2025\/09\/29\/nowy-odcinek-podcastu-e66-0\/\"><\/a><\/div><div class=\"eael-entry-thumbnail \">\n                            <img loading=\"lazy\" decoding=\"async\" width=\"740\" height=\"416\" src=\"https:\/\/flo.org.pl\/wp-content\/uploads\/2025\/10\/Podcast_RG-1-1024x576.jpg\" class=\"attachment-large size-large wp-image-1785\" alt=\"\" srcset=\"https:\/\/flo.org.pl\/wp-content\/uploads\/2025\/10\/Podcast_RG-1-1024x576.jpg 1024w, https:\/\/flo.org.pl\/wp-content\/uploads\/2025\/10\/Podcast_RG-1-300x169.jpg 300w, https:\/\/flo.org.pl\/wp-content\/uploads\/2025\/10\/Podcast_RG-1-768x432.jpg 768w, https:\/\/flo.org.pl\/wp-content\/uploads\/2025\/10\/Podcast_RG-1-1536x864.jpg 1536w, https:\/\/flo.org.pl\/wp-content\/uploads\/2025\/10\/Podcast_RG-1-2048x1152.jpg 2048w\" sizes=\"(max-width: 740px) 100vw, 740px\" \/>\n                            <\/div>\n                    <\/div><div class=\"eael-entry-wrapper\"><header class=\"eael-entry-header\"><h2 class=\"eael-entry-title\"><a class=\"eael-grid-post-link\" href=\"https:\/\/flo.org.pl\/index.php\/2025\/09\/29\/nowy-odcinek-podcastu-e66-0\/\" title=\"Nowy odcinek podcastu E66.0!\">Nowy odcinek podcastu E66.0!<\/a><\/h2><\/header><div class=\"eael-entry-content\">\n                                <div class=\"eael-grid-post-excerpt\"><p>Czy mo\u017cna \u017cy\u0107 latami z nadci\u015bnieniem i o tym nie...<\/p><a href=\"https:\/\/flo.org.pl\/index.php\/2025\/09\/29\/nowy-odcinek-podcastu-e66-0\/\" class=\"eael-post-elements-readmore-btn\">Read More<\/a><\/div>\n                            <\/div><div class=\"eael-entry-header-after style-two\"><div class=\"eael-entry-meta\"><span class=\"eael-meta-posted-on\"><i class=\"far fa-clock\"><\/i><time datetime=\"2025-09-29\">2025-09-29<\/time><\/span><\/div><\/div><\/div><\/div>\n    <\/div>\n<\/article><article class=\"eael-grid-post eael-post-grid-column\" data-id=\"1574\">\n    <div class=\"eael-grid-post-holder\">\n        <div class=\"eael-grid-post-holder-inner\"><div class=\"eael-entry-media\"><div class=\"eael-entry-overlay fade-in\"><i class=\"fas fa-long-arrow-alt-right\" aria-hidden=\"true\"><\/i><a href=\"https:\/\/flo.org.pl\/index.php\/2025\/07\/08\/z-czym-mierza-sie-ortopedzi-do-ktorych-predzej-czy-pozniej-zglaszaja-sie-pacjenci-z-choroba-otylosciowa\/\"><\/a><\/div><div class=\"eael-entry-thumbnail \">\n                            <img loading=\"lazy\" decoding=\"async\" width=\"740\" height=\"416\" src=\"https:\/\/flo.org.pl\/wp-content\/uploads\/2025\/07\/Podcast_TW-1024x576.jpg\" class=\"attachment-large size-large wp-image-1577\" alt=\"\" srcset=\"https:\/\/flo.org.pl\/wp-content\/uploads\/2025\/07\/Podcast_TW-1024x576.jpg 1024w, https:\/\/flo.org.pl\/wp-content\/uploads\/2025\/07\/Podcast_TW-300x169.jpg 300w, https:\/\/flo.org.pl\/wp-content\/uploads\/2025\/07\/Podcast_TW-768x432.jpg 768w, https:\/\/flo.org.pl\/wp-content\/uploads\/2025\/07\/Podcast_TW-1536x864.jpg 1536w, https:\/\/flo.org.pl\/wp-content\/uploads\/2025\/07\/Podcast_TW-2048x1152.jpg 2048w\" sizes=\"(max-width: 740px) 100vw, 740px\" \/>\n                            <\/div>\n                    <\/div><div class=\"eael-entry-wrapper\"><header class=\"eael-entry-header\"><h2 class=\"eael-entry-title\"><a class=\"eael-grid-post-link\" href=\"https:\/\/flo.org.pl\/index.php\/2025\/07\/08\/z-czym-mierza-sie-ortopedzi-do-ktorych-predzej-czy-pozniej-zglaszaja-sie-pacjenci-z-choroba-otylosciowa\/\" title=\"Z czym mierz\u0105 si\u0119 ortopedzi do kt\u00f3rych pr\u0119dzej czy p\u00f3\u017aniej zg\u0142aszaj\u0105 si\u0119 pacjenci z chorob\u0105 oty\u0142o\u015bciow\u0105? Podcast E66.0\">Z czym mierz\u0105 si\u0119 ortopedzi do kt\u00f3rych pr\u0119dzej czy p\u00f3\u017aniej zg\u0142aszaj\u0105 si\u0119 pacjenci z chorob\u0105 oty\u0142o\u015bciow\u0105? Podcast E66.0<\/a><\/h2><\/header><div class=\"eael-entry-content\">\n                                <div class=\"eael-grid-post-excerpt\"><p>Zapraszamy do wys\u0142uchania kolejnego odcinka naszego podcastu E66.0. Tym razem...<\/p><a href=\"https:\/\/flo.org.pl\/index.php\/2025\/07\/08\/z-czym-mierza-sie-ortopedzi-do-ktorych-predzej-czy-pozniej-zglaszaja-sie-pacjenci-z-choroba-otylosciowa\/\" class=\"eael-post-elements-readmore-btn\">Read More<\/a><\/div>\n                            <\/div><div class=\"eael-entry-header-after style-two\"><div class=\"eael-entry-meta\"><span class=\"eael-meta-posted-on\"><i class=\"far fa-clock\"><\/i><time datetime=\"2025-07-08\">2025-07-08<\/time><\/span><\/div><\/div><\/div><\/div>\n    <\/div>\n<\/article><article class=\"eael-grid-post eael-post-grid-column\" data-id=\"1550\">\n    <div class=\"eael-grid-post-holder\">\n        <div class=\"eael-grid-post-holder-inner\"><div class=\"eael-entry-media\"><div class=\"eael-entry-overlay fade-in\"><i class=\"fas fa-long-arrow-alt-right\" aria-hidden=\"true\"><\/i><a href=\"https:\/\/flo.org.pl\/index.php\/2025\/07\/08\/2-odcinek-podcastu-e66-0-kamila-piekarska-pacjentka-i-ambasadorka-fundacji-flo\/\"><\/a><\/div><div class=\"eael-entry-thumbnail \">\n                            <img loading=\"lazy\" decoding=\"async\" width=\"740\" height=\"416\" src=\"https:\/\/flo.org.pl\/wp-content\/uploads\/2025\/07\/Kamila_planszaYT-1024x576.png\" class=\"attachment-large size-large wp-image-1835\" alt=\"\" srcset=\"https:\/\/flo.org.pl\/wp-content\/uploads\/2025\/07\/Kamila_planszaYT-1024x576.png 1024w, https:\/\/flo.org.pl\/wp-content\/uploads\/2025\/07\/Kamila_planszaYT-300x169.png 300w, https:\/\/flo.org.pl\/wp-content\/uploads\/2025\/07\/Kamila_planszaYT-768x432.png 768w, https:\/\/flo.org.pl\/wp-content\/uploads\/2025\/07\/Kamila_planszaYT-1536x864.png 1536w, https:\/\/flo.org.pl\/wp-content\/uploads\/2025\/07\/Kamila_planszaYT.png 2048w\" sizes=\"(max-width: 740px) 100vw, 740px\" \/>\n                            <\/div>\n                    <\/div><div class=\"eael-entry-wrapper\"><header class=\"eael-entry-header\"><h2 class=\"eael-entry-title\"><a class=\"eael-grid-post-link\" href=\"https:\/\/flo.org.pl\/index.php\/2025\/07\/08\/2-odcinek-podcastu-e66-0-kamila-piekarska-pacjentka-i-ambasadorka-fundacji-flo\/\" title=\"2. odcinek podcastu E66.0: Kamila Piekarska, pacjentka i Ambasadorka Fundacji FLO\">2. odcinek podcastu E66.0: Kamila Piekarska, pacjentka i Ambasadorka Fundacji FLO<\/a><\/h2><\/header><div class=\"eael-entry-content\">\n                                <div class=\"eael-grid-post-excerpt\"><p>Co spowodowa\u0142o, \u017ce mimo sportowego trybu \u017cycia zachorowa\u0142a na oty\u0142o\u015b\u0107?...<\/p><a href=\"https:\/\/flo.org.pl\/index.php\/2025\/07\/08\/2-odcinek-podcastu-e66-0-kamila-piekarska-pacjentka-i-ambasadorka-fundacji-flo\/\" class=\"eael-post-elements-readmore-btn\">Read More<\/a><\/div>\n                            <\/div><div class=\"eael-entry-header-after style-two\"><div class=\"eael-entry-meta\"><span class=\"eael-meta-posted-on\"><i class=\"far fa-clock\"><\/i><time datetime=\"2025-07-08\">2025-07-08<\/time><\/span><\/div><\/div><\/div><\/div>\n    <\/div>\n<\/article><\/div>\n            <div class=\"clearfix\"><\/div>\n        <\/div>            <div class=\"eael-load-more-button-wrap\">\n                <button class=\"eael-load-more-button\" id=\"eael-load-more-btn-a71cafe\" data-widget-id=\"a71cafe\" data-widget=\"a71cafe\" data-page-id=\"2493\" data-template=\"{&quot;dir&quot;:&quot;lite&quot;,&quot;file_name&quot;:&quot;two.php&quot;,&quot;name&quot;:&quot;Post-Grid&quot;}\" data-class=\"Essential_Addons_Elementor\\Elements\\Post_Grid\" data-layout=\"masonry\" data-page=\"1\" data-args=\"orderby=date&amp;order=desc&amp;ignore_sticky_posts=1&amp;post_status=publish&amp;posts_per_page=6&amp;offset=0&amp;post_type=post&amp;tax_query%5B0%5D%5Btaxonomy%5D=category&amp;tax_query%5B0%5D%5Bfield%5D=term_id&amp;tax_query%5B0%5D%5Bterms%5D%5B0%5D=14&amp;tax_query%5Brelation%5D=AND\" data-max-page=\"2\">\n                    <span class=\"eael-btn-loader button__loader\"><\/span>\n                    <span class=\"eael_load_more_text\">Poka\u017c wi\u0119cej<\/span>\n                <\/button>\n            <\/div>\n            \t\t\t\t<\/div>\n\t\t\t\t\t<\/div>\n\t\t\t\t<\/div>\n\t\t\t\t<\/div>\n\t\t","protected":false},"excerpt":{"rendered":"<p>Podcast E66.0 Podcast E6.0 &#8211; historia Asi Zach\u0119camy do wys\u0142uchania historii Asi &#8211; Ambasadorki FLO w kolejnym&#8230; Read More 2025-11-26 Podcast E66.0 &#8211; wywiad z Adrianna Sobol Z czym mierz\u0105 &hellip; <\/p>\n","protected":false},"author":6,"featured_media":0,"parent":0,"menu_order":0,"comment_status":"closed","ping_status":"closed","template":"","meta":{"footnotes":""},"class_list":["post-2493","page","type-page","status-publish","hentry","has-meta has-sticky-meta"],"rttpg_featured_image_url":null,"rttpg_author":{"display_name":"Katarzyna W\u00f3jcik","author_link":"https:\/\/flo.org.pl\/index.php\/author\/kwojcik\/"},"rttpg_comment":0,"rttpg_category":"","rttpg_excerpt":"Podcast E66.0 Podcast E6.0 &#8211; historia Asi Zach\u0119camy do wys\u0142uchania historii Asi &#8211; Ambasadorki FLO w kolejnym&#8230; Read More 2025-11-26 Podcast E66.0 &#8211; wywiad z Adrianna Sobol Z czym mierz\u0105 &hellip;","_links":{"self":[{"href":"https:\/\/flo.org.pl\/index.php\/wp-json\/wp\/v2\/pages\/2493","targetHints":{"allow":["GET"]}}],"collection":[{"href":"https:\/\/flo.org.pl\/index.php\/wp-json\/wp\/v2\/pages"}],"about":[{"href":"https:\/\/flo.org.pl\/index.php\/wp-json\/wp\/v2\/types\/page"}],"author":[{"embeddable":true,"href":"https:\/\/flo.org.pl\/index.php\/wp-json\/wp\/v2\/users\/6"}],"replies":[{"embeddable":true,"href":"https:\/\/flo.org.pl\/index.php\/wp-json\/wp\/v2\/comments?post=2493"}],"version-history":[{"count":16,"href":"https:\/\/flo.org.pl\/index.php\/wp-json\/wp\/v2\/pages\/2493\/revisions"}],"predecessor-version":[{"id":2510,"href":"https:\/\/flo.org.pl\/index.php\/wp-json\/wp\/v2\/pages\/2493\/revisions\/2510"}],"wp:attachment":[{"href":"https:\/\/flo.org.pl\/index.php\/wp-json\/wp\/v2\/media?parent=2493"}],"curies":[{"name":"wp","href":"https:\/\/api.w.org\/{rel}","templated":true}]}}