{"id":2569,"date":"2026-01-13T21:32:09","date_gmt":"2026-01-13T20:32:09","guid":{"rendered":"https:\/\/flo.org.pl\/?page_id=2569"},"modified":"2026-01-13T21:32:56","modified_gmt":"2026-01-13T20:32:56","slug":"akademia-pacjenta-z-choroba-otylosciowa","status":"publish","type":"page","link":"https:\/\/flo.org.pl\/index.php\/akademia-pacjenta-z-choroba-otylosciowa\/","title":{"rendered":"Akademia Pacjenta z Chorob\u0105 Oty\u0142o\u015bciow\u0105"},"content":{"rendered":"\t\t<div data-elementor-type=\"wp-page\" data-elementor-id=\"2569\" class=\"elementor elementor-2569\">\n\t\t\t\t<div class=\"elementor-element elementor-element-048820c e-flex e-con-boxed e-con e-parent\" data-id=\"048820c\" data-element_type=\"container\" data-settings=\"{&quot;background_background&quot;:&quot;classic&quot;}\">\n\t\t\t\t\t<div class=\"e-con-inner\">\n\t\t\t\t<div class=\"elementor-element elementor-element-a2a8d7e elementor-widget elementor-widget-heading\" data-id=\"a2a8d7e\" data-element_type=\"widget\" data-widget_type=\"heading.default\">\n\t\t\t\t\t<h2 class=\"elementor-heading-title elementor-size-default\">AKADEMIA PACJENTA Z CHOROB\u0104 OTY\u0141O\u015aCIOW\u0104<\/h2>\t\t\t\t<\/div>\n\t\t\t\t\t<\/div>\n\t\t\t\t<\/div>\n\t\t<div class=\"elementor-element elementor-element-403402b e-flex e-con-boxed e-con e-parent\" data-id=\"403402b\" data-element_type=\"container\">\n\t\t\t\t\t<div class=\"e-con-inner\">\n\t\t\t\t<div class=\"elementor-element elementor-element-664bb13 elementor-grid-eael-col-3 elementor-grid-tablet-eael-col-2 elementor-grid-mobile-eael-col-1 elementor-widget elementor-widget-eael-post-grid\" data-id=\"664bb13\" data-element_type=\"widget\" data-settings=\"{&quot;eael_post_grid_columns&quot;:&quot;eael-col-3&quot;,&quot;eael_post_grid_columns_tablet&quot;:&quot;eael-col-2&quot;,&quot;eael_post_grid_columns_mobile&quot;:&quot;eael-col-1&quot;}\" data-widget_type=\"eael-post-grid.default\">\n\t\t\t\t\t<div id=\"eael-post-grid-664bb13\" class=\"eael-post-grid-container\">\n            <div class=\"eael-post-grid eael-post-appender eael-post-appender-664bb13 eael-post-grid-style-one\" data-layout-mode=\"masonry\"><article class=\"eael-grid-post eael-post-grid-column\" data-id=\"2044\">\n        <div class=\"eael-grid-post-holder\">\n            <div class=\"eael-grid-post-holder-inner\"><div class=\"eael-entry-media\"><div class=\"eael-entry-overlay fade-in\"><i class=\"fas fa-long-arrow-alt-right\" aria-hidden=\"true\"><\/i><a href=\"https:\/\/flo.org.pl\/index.php\/2025\/10\/29\/akademia-pacjenta-chorujacego-na-otylosc-za-nami\/\"><\/a><\/div><div class=\"eael-entry-thumbnail \">\n                <img fetchpriority=\"high\" decoding=\"async\" width=\"740\" height=\"555\" src=\"https:\/\/flo.org.pl\/wp-content\/uploads\/2025\/10\/image00016-1024x768.jpg\" class=\"attachment-large size-large wp-image-2046\" alt=\"\" srcset=\"https:\/\/flo.org.pl\/wp-content\/uploads\/2025\/10\/image00016-1024x768.jpg 1024w, https:\/\/flo.org.pl\/wp-content\/uploads\/2025\/10\/image00016-300x225.jpg 300w, https:\/\/flo.org.pl\/wp-content\/uploads\/2025\/10\/image00016-768x576.jpg 768w, https:\/\/flo.org.pl\/wp-content\/uploads\/2025\/10\/image00016-1536x1152.jpg 1536w, https:\/\/flo.org.pl\/wp-content\/uploads\/2025\/10\/image00016-2048x1536.jpg 2048w\" sizes=\"(max-width: 740px) 100vw, 740px\" \/>\n            <\/div>\n        <\/div><div class=\"eael-entry-wrapper\"><header class=\"eael-entry-header\"><h2 class=\"eael-entry-title\"><a class=\"eael-grid-post-link\" href=\"https:\/\/flo.org.pl\/index.php\/2025\/10\/29\/akademia-pacjenta-chorujacego-na-otylosc-za-nami\/\" title=\"Akademia Pacjenta Choruj\u0105cego na Oty\u0142o\u015b\u0107 za nami!\">Akademia Pacjenta Choruj\u0105cego na Oty\u0142o\u015b\u0107 za nami!<\/a><\/h2><\/header><div class=\"eael-entry-content\">\n                        <div class=\"eael-grid-post-excerpt\"><p>To by\u0142 szalenie intensywny dzie\u0144, ale mamy ogromn\u0105 satysfakcj\u0119 i...<\/p><a href=\"https:\/\/flo.org.pl\/index.php\/2025\/10\/29\/akademia-pacjenta-chorujacego-na-otylosc-za-nami\/\" class=\"eael-post-elements-readmore-btn\">Read More<\/a><\/div>\n                    <\/div><div class=\"eael-entry-footer\"><div class=\"eael-author-avatar\"><a href=\"https:\/\/flo.org.pl\/index.php\/author\/katarzyna-kunert\/\"><img alt='Katarzyna Kunert' src='https:\/\/secure.gravatar.com\/avatar\/39c123a312f0995a3bc35ab2d1f6de494768b50b5457de7fc260c31f1d0299fe?s=96&#038;d=mm&#038;r=g' srcset='https:\/\/secure.gravatar.com\/avatar\/39c123a312f0995a3bc35ab2d1f6de494768b50b5457de7fc260c31f1d0299fe?s=192&#038;d=mm&#038;r=g 2x' class='avatar avatar-96 photo' height='96' width='96' \/><\/a><\/div><div class=\"eael-entry-meta\"><span class=\"eael-posted-by\"><a href=\"https:\/\/flo.org.pl\/index.php\/author\/katarzyna-kunert\/\" title=\"Wpisy od Katarzyna Kunert\" rel=\"author\">Katarzyna Kunert<\/a><\/span><span class=\"eael-posted-on\"><time datetime=\"2025-10-29\">2025-10-29<\/time><\/span><\/div><\/div><\/div><\/div>\n        <\/div>\n    <\/article><article class=\"eael-grid-post eael-post-grid-column\" data-id=\"1490\">\n        <div class=\"eael-grid-post-holder\">\n            <div class=\"eael-grid-post-holder-inner\"><div class=\"eael-entry-media\"><div class=\"eael-entry-overlay fade-in\"><i class=\"fas fa-long-arrow-alt-right\" aria-hidden=\"true\"><\/i><a href=\"https:\/\/flo.org.pl\/index.php\/2025\/06\/12\/za-nami-pierwsza-akademia-pacjenta-chorujacego-na-otylosc\/\"><\/a><\/div><div class=\"eael-entry-thumbnail \">\n                <img decoding=\"async\" width=\"740\" height=\"555\" src=\"https:\/\/flo.org.pl\/wp-content\/uploads\/2025\/06\/image00004-1024x768.jpg\" class=\"attachment-large size-large wp-image-1505\" alt=\"\" srcset=\"https:\/\/flo.org.pl\/wp-content\/uploads\/2025\/06\/image00004-1024x768.jpg 1024w, https:\/\/flo.org.pl\/wp-content\/uploads\/2025\/06\/image00004-300x225.jpg 300w, https:\/\/flo.org.pl\/wp-content\/uploads\/2025\/06\/image00004-768x576.jpg 768w, https:\/\/flo.org.pl\/wp-content\/uploads\/2025\/06\/image00004-1536x1152.jpg 1536w, https:\/\/flo.org.pl\/wp-content\/uploads\/2025\/06\/image00004.jpg 2016w\" sizes=\"(max-width: 740px) 100vw, 740px\" \/>\n            <\/div>\n        <\/div><div class=\"eael-entry-wrapper\"><header class=\"eael-entry-header\"><h2 class=\"eael-entry-title\"><a class=\"eael-grid-post-link\" href=\"https:\/\/flo.org.pl\/index.php\/2025\/06\/12\/za-nami-pierwsza-akademia-pacjenta-chorujacego-na-otylosc\/\" title=\"Za nami pierwsza Akademia Pacjenta Choruj\u0105cego na Oty\u0142o\u015b\u0107!\">Za nami pierwsza Akademia Pacjenta Choruj\u0105cego na Oty\u0142o\u015b\u0107!<\/a><\/h2><\/header><div class=\"eael-entry-content\">\n                        <div class=\"eael-grid-post-excerpt\"><p>To by\u0142o wyj\u0105tkowe spotkanie, pe\u0142ne aktualnej wiedzy medycznej, autentycznych historii...<\/p><a href=\"https:\/\/flo.org.pl\/index.php\/2025\/06\/12\/za-nami-pierwsza-akademia-pacjenta-chorujacego-na-otylosc\/\" class=\"eael-post-elements-readmore-btn\">Read More<\/a><\/div>\n                    <\/div><div class=\"eael-entry-footer\"><div class=\"eael-author-avatar\"><a href=\"https:\/\/flo.org.pl\/index.php\/author\/katarzyna-kunert\/\"><img alt='Katarzyna Kunert' src='https:\/\/secure.gravatar.com\/avatar\/39c123a312f0995a3bc35ab2d1f6de494768b50b5457de7fc260c31f1d0299fe?s=96&#038;d=mm&#038;r=g' srcset='https:\/\/secure.gravatar.com\/avatar\/39c123a312f0995a3bc35ab2d1f6de494768b50b5457de7fc260c31f1d0299fe?s=192&#038;d=mm&#038;r=g 2x' class='avatar avatar-96 photo' height='96' width='96' \/><\/a><\/div><div class=\"eael-entry-meta\"><span class=\"eael-posted-by\"><a href=\"https:\/\/flo.org.pl\/index.php\/author\/katarzyna-kunert\/\" title=\"Wpisy od Katarzyna Kunert\" rel=\"author\">Katarzyna Kunert<\/a><\/span><span class=\"eael-posted-on\"><time datetime=\"2025-06-12\">2025-06-12<\/time><\/span><\/div><\/div><\/div><\/div>\n        <\/div>\n    <\/article><article class=\"eael-grid-post eael-post-grid-column\" data-id=\"1371\">\n        <div class=\"eael-grid-post-holder\">\n            <div class=\"eael-grid-post-holder-inner\"><div class=\"eael-entry-media\"><div class=\"eael-entry-overlay fade-in\"><i class=\"fas fa-long-arrow-alt-right\" aria-hidden=\"true\"><\/i><a href=\"https:\/\/flo.org.pl\/index.php\/2025\/05\/20\/rusza-akademia-pacjenta-chorujacego-na-otylosc\/\"><\/a><\/div><div class=\"eael-entry-thumbnail \">\n                <img decoding=\"async\" width=\"740\" height=\"389\" src=\"https:\/\/flo.org.pl\/wp-content\/uploads\/2025\/05\/zaproszenie_3A-1024x538.jpg\" class=\"attachment-large size-large wp-image-1373\" alt=\"\" srcset=\"https:\/\/flo.org.pl\/wp-content\/uploads\/2025\/05\/zaproszenie_3A-1024x538.jpg 1024w, https:\/\/flo.org.pl\/wp-content\/uploads\/2025\/05\/zaproszenie_3A-300x158.jpg 300w, https:\/\/flo.org.pl\/wp-content\/uploads\/2025\/05\/zaproszenie_3A-768x403.jpg 768w, https:\/\/flo.org.pl\/wp-content\/uploads\/2025\/05\/zaproszenie_3A-1536x807.jpg 1536w, https:\/\/flo.org.pl\/wp-content\/uploads\/2025\/05\/zaproszenie_3A-2048x1076.jpg 2048w\" sizes=\"(max-width: 740px) 100vw, 740px\" \/>\n            <\/div>\n        <\/div><div class=\"eael-entry-wrapper\"><header class=\"eael-entry-header\"><h2 class=\"eael-entry-title\"><a class=\"eael-grid-post-link\" href=\"https:\/\/flo.org.pl\/index.php\/2025\/05\/20\/rusza-akademia-pacjenta-chorujacego-na-otylosc\/\" title=\"Rusza \u201eAkademia Pacjenta Choruj\u0105cego na Oty\u0142o\u015b\u0107\u201d\">Rusza \u201eAkademia Pacjenta Choruj\u0105cego na Oty\u0142o\u015b\u0107\u201d<\/a><\/h2><\/header><div class=\"eael-entry-content\">\n                        <div class=\"eael-grid-post-excerpt\"><p>Ju\u017c za dwa tygodnie w Warszawie odb\u0119dzie si\u0119 pierwsze spotkanie...<\/p><a href=\"https:\/\/flo.org.pl\/index.php\/2025\/05\/20\/rusza-akademia-pacjenta-chorujacego-na-otylosc\/\" class=\"eael-post-elements-readmore-btn\">Read More<\/a><\/div>\n                    <\/div><div class=\"eael-entry-footer\"><div class=\"eael-author-avatar\"><a href=\"https:\/\/flo.org.pl\/index.php\/author\/katarzyna-kunert\/\"><img alt='Katarzyna Kunert' src='https:\/\/secure.gravatar.com\/avatar\/39c123a312f0995a3bc35ab2d1f6de494768b50b5457de7fc260c31f1d0299fe?s=96&#038;d=mm&#038;r=g' srcset='https:\/\/secure.gravatar.com\/avatar\/39c123a312f0995a3bc35ab2d1f6de494768b50b5457de7fc260c31f1d0299fe?s=192&#038;d=mm&#038;r=g 2x' class='avatar avatar-96 photo' height='96' width='96' \/><\/a><\/div><div class=\"eael-entry-meta\"><span class=\"eael-posted-by\"><a href=\"https:\/\/flo.org.pl\/index.php\/author\/katarzyna-kunert\/\" title=\"Wpisy od Katarzyna Kunert\" rel=\"author\">Katarzyna Kunert<\/a><\/span><span class=\"eael-posted-on\"><time datetime=\"2025-05-20\">2025-05-20<\/time><\/span><\/div><\/div><\/div><\/div>\n        <\/div>\n    <\/article><\/div>\n            <div class=\"clearfix\"><\/div>\n        <\/div>\t\t\t\t<\/div>\n\t\t\t\t\t<\/div>\n\t\t\t\t<\/div>\n\t\t\t\t<\/div>\n\t\t","protected":false},"excerpt":{"rendered":"<p>AKADEMIA PACJENTA Z CHOROB\u0104 OTY\u0141O\u015aCIOW\u0104 Akademia Pacjenta Choruj\u0105cego na Oty\u0142o\u015b\u0107 za nami! To by\u0142 szalenie intensywny dzie\u0144, ale mamy ogromn\u0105 satysfakcj\u0119 i&#8230; Read More Katarzyna Kunert2025-10-29 Za nami pierwsza Akademia &hellip; <\/p>\n","protected":false},"author":6,"featured_media":0,"parent":0,"menu_order":0,"comment_status":"closed","ping_status":"closed","template":"","meta":{"footnotes":""},"class_list":["post-2569","page","type-page","status-publish","hentry","has-meta has-sticky-meta"],"rttpg_featured_image_url":null,"rttpg_author":{"display_name":"Katarzyna W\u00f3jcik","author_link":"https:\/\/flo.org.pl\/index.php\/author\/kwojcik\/"},"rttpg_comment":0,"rttpg_category":"","rttpg_excerpt":"AKADEMIA PACJENTA Z CHOROB\u0104 OTY\u0141O\u015aCIOW\u0104 Akademia Pacjenta Choruj\u0105cego na Oty\u0142o\u015b\u0107 za nami! To by\u0142 szalenie intensywny dzie\u0144, ale mamy ogromn\u0105 satysfakcj\u0119 i&#8230; Read More Katarzyna Kunert2025-10-29 Za nami pierwsza Akademia &hellip;","_links":{"self":[{"href":"https:\/\/flo.org.pl\/index.php\/wp-json\/wp\/v2\/pages\/2569","targetHints":{"allow":["GET"]}}],"collection":[{"href":"https:\/\/flo.org.pl\/index.php\/wp-json\/wp\/v2\/pages"}],"about":[{"href":"https:\/\/flo.org.pl\/index.php\/wp-json\/wp\/v2\/types\/page"}],"author":[{"embeddable":true,"href":"https:\/\/flo.org.pl\/index.php\/wp-json\/wp\/v2\/users\/6"}],"replies":[{"embeddable":true,"href":"https:\/\/flo.org.pl\/index.php\/wp-json\/wp\/v2\/comments?post=2569"}],"version-history":[{"count":4,"href":"https:\/\/flo.org.pl\/index.php\/wp-json\/wp\/v2\/pages\/2569\/revisions"}],"predecessor-version":[{"id":2574,"href":"https:\/\/flo.org.pl\/index.php\/wp-json\/wp\/v2\/pages\/2569\/revisions\/2574"}],"wp:attachment":[{"href":"https:\/\/flo.org.pl\/index.php\/wp-json\/wp\/v2\/media?parent=2569"}],"curies":[{"name":"wp","href":"https:\/\/api.w.org\/{rel}","templated":true}]}}