{"id":2864,"date":"2026-03-13T22:03:14","date_gmt":"2026-03-13T21:03:14","guid":{"rendered":"https:\/\/flo.org.pl\/?page_id=2864"},"modified":"2026-03-13T22:30:35","modified_gmt":"2026-03-13T21:30:35","slug":"informacje-prasowe-3-edycja","status":"publish","type":"page","link":"https:\/\/flo.org.pl\/index.php\/informacje-prasowe-3-edycja\/","title":{"rendered":"Informacje Prasowe"},"content":{"rendered":"\t\t<div data-elementor-type=\"wp-page\" data-elementor-id=\"2864\" class=\"elementor elementor-2864\">\n\t\t\t\t<div class=\"elementor-element elementor-element-048820c e-flex e-con-boxed e-con e-parent\" data-id=\"048820c\" data-element_type=\"container\" data-settings=\"{&quot;background_background&quot;:&quot;classic&quot;}\">\n\t\t\t\t\t<div class=\"e-con-inner\">\n\t\t\t\t<div class=\"elementor-element elementor-element-a2a8d7e elementor-widget elementor-widget-heading\" data-id=\"a2a8d7e\" data-element_type=\"widget\" data-widget_type=\"heading.default\">\n\t\t\t\t\t<h2 class=\"elementor-heading-title elementor-size-default\">Informacje prasowe<\/h2>\t\t\t\t<\/div>\n\t\t\t\t\t<\/div>\n\t\t\t\t<\/div>\n\t\t<div class=\"elementor-element elementor-element-403402b e-flex e-con-boxed e-con e-parent\" data-id=\"403402b\" data-element_type=\"container\">\n\t\t\t\t\t<div class=\"e-con-inner\">\n\t\t\t\t<div class=\"elementor-element elementor-element-664bb13 elementor-grid-eael-col-3 elementor-grid-tablet-eael-col-2 elementor-grid-mobile-eael-col-1 elementor-widget elementor-widget-eael-post-grid\" data-id=\"664bb13\" data-element_type=\"widget\" data-settings=\"{&quot;eael_post_grid_columns&quot;:&quot;eael-col-3&quot;,&quot;eael_post_grid_columns_tablet&quot;:&quot;eael-col-2&quot;,&quot;eael_post_grid_columns_mobile&quot;:&quot;eael-col-1&quot;}\" data-widget_type=\"eael-post-grid.default\">\n\t\t\t\t\t<div id=\"eael-post-grid-664bb13\" class=\"eael-post-grid-container\">\n            <div class=\"eael-post-grid eael-post-appender eael-post-appender-664bb13 eael-post-grid-style-one\" data-layout-mode=\"masonry\"><article class=\"eael-grid-post eael-post-grid-column\" data-id=\"2740\">\n        <div class=\"eael-grid-post-holder\">\n            <div class=\"eael-grid-post-holder-inner\"><div class=\"eael-entry-media\"><div class=\"eael-entry-overlay fade-in\"><i class=\"fas fa-long-arrow-alt-right\" aria-hidden=\"true\"><\/i><a href=\"https:\/\/flo.org.pl\/index.php\/2026\/03\/04\/nowy-symbol-choroby-otylosciowej-i-ogolnopolska-infolinia-dla-pacjentow-start-kampanii-2026\/\"><\/a><\/div><div class=\"eael-entry-thumbnail \">\n                <img fetchpriority=\"high\" decoding=\"async\" width=\"740\" height=\"475\" src=\"https:\/\/flo.org.pl\/wp-content\/uploads\/2026\/03\/FLO_haslo_2026-1024x657.png\" class=\"attachment-large size-large wp-image-2757\" alt=\"\" srcset=\"https:\/\/flo.org.pl\/wp-content\/uploads\/2026\/03\/FLO_haslo_2026-1024x657.png 1024w, https:\/\/flo.org.pl\/wp-content\/uploads\/2026\/03\/FLO_haslo_2026-300x192.png 300w, https:\/\/flo.org.pl\/wp-content\/uploads\/2026\/03\/FLO_haslo_2026-768x492.png 768w, https:\/\/flo.org.pl\/wp-content\/uploads\/2026\/03\/FLO_haslo_2026-544x350.png 544w, https:\/\/flo.org.pl\/wp-content\/uploads\/2026\/03\/FLO_haslo_2026.png 1034w\" sizes=\"(max-width: 740px) 100vw, 740px\" \/>\n            <\/div>\n        <\/div><div class=\"eael-entry-wrapper\"><header class=\"eael-entry-header\"><h2 class=\"eael-entry-title\"><a class=\"eael-grid-post-link\" href=\"https:\/\/flo.org.pl\/index.php\/2026\/03\/04\/nowy-symbol-choroby-otylosciowej-i-ogolnopolska-infolinia-dla-pacjentow-start-kampanii-2026\/\" title=\"Nowy symbol choroby oty\u0142o\u015bciowej i og\u00f3lnopolska infolinia dla pacjent\u00f3w &#8211; start kampanii 2026!\">Nowy symbol choroby oty\u0142o\u015bciowej i og\u00f3lnopolska infolinia dla pacjent\u00f3w &#8211; start kampanii 2026!<\/a><\/h2><\/header><div class=\"eael-entry-content\">\n                        <div class=\"eael-grid-post-excerpt\"><p>Pierwsza w Polsce infolinia dla pacjent\u00f3w z chorob\u0105 oty\u0142o\u015bciow\u0105 oraz...<\/p><a href=\"https:\/\/flo.org.pl\/index.php\/2026\/03\/04\/nowy-symbol-choroby-otylosciowej-i-ogolnopolska-infolinia-dla-pacjentow-start-kampanii-2026\/\" class=\"eael-post-elements-readmore-btn\">Read More<\/a><\/div>\n                    <\/div><div class=\"eael-entry-footer\"><div class=\"eael-author-avatar\"><a href=\"https:\/\/flo.org.pl\/index.php\/author\/katarzyna-kunert\/\"><img alt='Katarzyna Kunert' src='https:\/\/secure.gravatar.com\/avatar\/39c123a312f0995a3bc35ab2d1f6de494768b50b5457de7fc260c31f1d0299fe?s=96&#038;d=mm&#038;r=g' srcset='https:\/\/secure.gravatar.com\/avatar\/39c123a312f0995a3bc35ab2d1f6de494768b50b5457de7fc260c31f1d0299fe?s=192&#038;d=mm&#038;r=g 2x' class='avatar avatar-96 photo' height='96' width='96' \/><\/a><\/div><div class=\"eael-entry-meta\"><span class=\"eael-posted-by\"><a href=\"https:\/\/flo.org.pl\/index.php\/author\/katarzyna-kunert\/\" title=\"Wpisy od Katarzyna Kunert\" rel=\"author\">Katarzyna Kunert<\/a><\/span><span class=\"eael-posted-on\"><time datetime=\"2026-03-04\">2026-03-04<\/time><\/span><\/div><\/div><\/div><\/div>\n        <\/div>\n    <\/article><\/div>\n            <div class=\"clearfix\"><\/div>\n        <\/div>\t\t\t\t<\/div>\n\t\t\t\t\t<\/div>\n\t\t\t\t<\/div>\n\t\t\t\t<\/div>\n\t\t","protected":false},"excerpt":{"rendered":"<p>Informacje prasowe Nowy symbol choroby oty\u0142o\u015bciowej i og\u00f3lnopolska infolinia dla pacjent\u00f3w &#8211; start kampanii 2026! Pierwsza w Polsce infolinia dla pacjent\u00f3w z chorob\u0105 oty\u0142o\u015bciow\u0105 oraz&#8230; Read More Katarzyna Kunert2026-03-04<\/p>\n","protected":false},"author":6,"featured_media":0,"parent":0,"menu_order":0,"comment_status":"closed","ping_status":"closed","template":"","meta":{"footnotes":""},"class_list":["post-2864","page","type-page","status-publish","hentry","has-meta has-sticky-meta"],"rttpg_featured_image_url":null,"rttpg_author":{"display_name":"Katarzyna W\u00f3jcik","author_link":"https:\/\/flo.org.pl\/index.php\/author\/kwojcik\/"},"rttpg_comment":0,"rttpg_category":"","rttpg_excerpt":"Informacje prasowe Nowy symbol choroby oty\u0142o\u015bciowej i og\u00f3lnopolska infolinia dla pacjent\u00f3w &#8211; start kampanii 2026! Pierwsza w Polsce infolinia dla pacjent\u00f3w z chorob\u0105 oty\u0142o\u015bciow\u0105 oraz&#8230; Read More Katarzyna Kunert2026-03-04","_links":{"self":[{"href":"https:\/\/flo.org.pl\/index.php\/wp-json\/wp\/v2\/pages\/2864","targetHints":{"allow":["GET"]}}],"collection":[{"href":"https:\/\/flo.org.pl\/index.php\/wp-json\/wp\/v2\/pages"}],"about":[{"href":"https:\/\/flo.org.pl\/index.php\/wp-json\/wp\/v2\/types\/page"}],"author":[{"embeddable":true,"href":"https:\/\/flo.org.pl\/index.php\/wp-json\/wp\/v2\/users\/6"}],"replies":[{"embeddable":true,"href":"https:\/\/flo.org.pl\/index.php\/wp-json\/wp\/v2\/comments?post=2864"}],"version-history":[{"count":6,"href":"https:\/\/flo.org.pl\/index.php\/wp-json\/wp\/v2\/pages\/2864\/revisions"}],"predecessor-version":[{"id":2880,"href":"https:\/\/flo.org.pl\/index.php\/wp-json\/wp\/v2\/pages\/2864\/revisions\/2880"}],"wp:attachment":[{"href":"https:\/\/flo.org.pl\/index.php\/wp-json\/wp\/v2\/media?parent=2864"}],"curies":[{"name":"wp","href":"https:\/\/api.w.org\/{rel}","templated":true}]}}