{"id":38,"date":"2022-11-22T11:36:59","date_gmt":"2022-11-22T10:36:59","guid":{"rendered":"http:\/\/flo.ippez.pl\/?page_id=38"},"modified":"2026-04-15T16:46:30","modified_gmt":"2026-04-15T14:46:30","slug":"kontakt","status":"publish","type":"page","link":"https:\/\/flo.org.pl\/index.php\/kontakt\/","title":{"rendered":"SKONTAKTUJ SI\u0118 Z NAMI"},"content":{"rendered":"\t\t<div data-elementor-type=\"wp-page\" data-elementor-id=\"38\" class=\"elementor elementor-38\">\n\t\t\t\t<div class=\"elementor-element elementor-element-04e325b e-flex e-con-boxed e-con e-parent\" data-id=\"04e325b\" data-element_type=\"container\" data-settings=\"{&quot;background_background&quot;:&quot;classic&quot;}\">\n\t\t\t\t\t<div class=\"e-con-inner\">\n\t\t\t\t<div class=\"elementor-element elementor-element-d0f5d1a elementor-widget elementor-widget-heading\" data-id=\"d0f5d1a\" data-element_type=\"widget\" data-widget_type=\"heading.default\">\n\t\t\t\t\t<h2 class=\"elementor-heading-title elementor-size-default\">Skontaktuj si\u0119 z nami<\/h2>\t\t\t\t<\/div>\n\t\t\t\t\t<\/div>\n\t\t\t\t<\/div>\n\t\t<div class=\"elementor-element elementor-element-48486abf e-flex e-con-boxed e-con e-parent\" data-id=\"48486abf\" data-element_type=\"container\">\n\t\t\t\t\t<div class=\"e-con-inner\">\n\t\t<div class=\"elementor-element elementor-element-1baedae e-con-full e-flex e-con e-child\" data-id=\"1baedae\" data-element_type=\"container\">\n\t\t<div class=\"elementor-element elementor-element-3e5b43c e-con-full e-flex e-con e-child\" data-id=\"3e5b43c\" data-element_type=\"container\">\n\t\t<div class=\"elementor-element elementor-element-4f5bea1 e-con-full e-flex e-con e-child\" data-id=\"4f5bea1\" data-element_type=\"container\" data-settings=\"{&quot;background_background&quot;:&quot;classic&quot;}\">\n\t\t\t\t<div class=\"elementor-element elementor-element-61e4105 elementor-widget elementor-widget-image\" data-id=\"61e4105\" data-element_type=\"widget\" data-widget_type=\"image.default\">\n\t\t\t\t\t\t\t\t\t\t\t\t\t\t\t<img fetchpriority=\"high\" decoding=\"async\" width=\"1024\" height=\"422\" src=\"https:\/\/flo.org.pl\/wp-content\/uploads\/2026\/04\/2026_OTC_INFOLINIA-1-1024x422.png\" class=\"attachment-large size-large wp-image-2986\" alt=\"\" srcset=\"https:\/\/flo.org.pl\/wp-content\/uploads\/2026\/04\/2026_OTC_INFOLINIA-1-1024x422.png 1024w, https:\/\/flo.org.pl\/wp-content\/uploads\/2026\/04\/2026_OTC_INFOLINIA-1-300x124.png 300w, https:\/\/flo.org.pl\/wp-content\/uploads\/2026\/04\/2026_OTC_INFOLINIA-1-768x317.png 768w, https:\/\/flo.org.pl\/wp-content\/uploads\/2026\/04\/2026_OTC_INFOLINIA-1-1536x634.png 1536w, https:\/\/flo.org.pl\/wp-content\/uploads\/2026\/04\/2026_OTC_INFOLINIA-1-2048x845.png 2048w\" sizes=\"(max-width: 1024px) 100vw, 1024px\" \/>\t\t\t\t\t\t\t\t\t\t\t\t\t\t\t<\/div>\n\t\t\t\t<\/div>\n\t\t<div class=\"elementor-element elementor-element-366804d e-con-full e-flex e-con e-child\" data-id=\"366804d\" data-element_type=\"container\" data-settings=\"{&quot;background_background&quot;:&quot;classic&quot;}\">\n\t\t\t\t<div class=\"elementor-element elementor-element-f93feba elementor-widget elementor-widget-text-editor\" data-id=\"f93feba\" data-element_type=\"widget\" data-widget_type=\"text-editor.default\">\n\t\t\t\t\t\t\t\t\t<h4 class=\"wp-block-heading has-text-align-center\"><strong>INFOLINIA DLA PACJENT\u00d3W<\/strong>:<\/h4>\n<h4 class=\"wp-block-heading has-text-align-center\">+ 48 537 030 555<\/h4>\n<p><!-- \/wp:heading --><!-- wp:paragraph {\"align\":\"center\"} --><\/p>\n<p class=\"has-text-align-center\"><strong>Czynna w \u015brody w godzinach 13:00- 15:00<\/strong><\/p>\n<p><!-- \/wp:paragraph --><!-- wp:paragraph {\"align\":\"center\"} --><\/p>\t\t\t\t\t\t\t\t<\/div>\n\t\t\t\t<\/div>\n\t\t\t\t<\/div>\n\t\t<div class=\"elementor-element elementor-element-093e931 e-con-full e-flex e-con e-child\" data-id=\"093e931\" data-element_type=\"container\">\n\t\t\t\t<div class=\"elementor-element elementor-element-326f651 elementor-widget elementor-widget-text-editor\" data-id=\"326f651\" data-element_type=\"widget\" data-widget_type=\"text-editor.default\">\n\t\t\t\t\t\t\t\t\t<p><strong>WA\u017bNE:<\/strong> Infolinia ma charakter informacyjny, nie udzielamy porad medycznych. Korzystanie z infolinii jest anonimowe. <br \/>Infolinia FLO dzia\u0142a w ramach kampanii <strong>\u201eOty\u0142o\u015b\u0107 to choroba. Nie oceniaj, nie odchudzaj, tylko lecz\u201d<\/strong>.<\/p>\t\t\t\t\t\t\t\t<\/div>\n\t\t<div class=\"elementor-element elementor-element-6eea155 e-con-full e-flex e-con e-child\" data-id=\"6eea155\" data-element_type=\"container\">\n\t\t<div class=\"elementor-element elementor-element-9f4c251 e-con-full e-flex e-con e-child\" data-id=\"9f4c251\" data-element_type=\"container\" data-settings=\"{&quot;background_background&quot;:&quot;classic&quot;}\">\n\t\t\t\t<\/div>\n\t\t<div class=\"elementor-element elementor-element-ceb0b6a e-con-full e-flex e-con e-child\" data-id=\"ceb0b6a\" data-element_type=\"container\" data-settings=\"{&quot;background_background&quot;:&quot;classic&quot;}\">\n\t\t\t\t<div class=\"elementor-element elementor-element-e88831b elementor-widget elementor-widget-text-editor\" data-id=\"e88831b\" data-element_type=\"widget\" data-widget_type=\"text-editor.default\">\n\t\t\t\t\t\t\t\t\t<h4><strong>Ewa Godlewska &#8211; Prezes Zarz\u0105du<\/strong><\/h4>\n<h4 class=\"wp-block-heading has-text-align-center\">tel. +48 720 871 777 <br \/>ewa.godlewska@flo.org.pl<\/h4>\n<p><!-- \/wp:heading --><!-- wp:paragraph {\"align\":\"center\"} --><\/p>\n<p><!-- \/wp:paragraph --><!-- wp:paragraph {\"align\":\"center\"} --><\/p>\t\t\t\t\t\t\t\t<\/div>\n\t\t\t\t<\/div>\n\t\t\t\t<\/div>\n\t\t\t\t<\/div>\n\t\t\t\t<\/div>\n\t\t\t\t<div class=\"elementor-element elementor-element-5ee8ba17 elementor-widget elementor-widget-text-editor\" data-id=\"5ee8ba17\" data-element_type=\"widget\" data-widget_type=\"text-editor.default\">\n\t\t\t\t\t\t\t\t\t<!-- \/wp:paragraph --><!-- wp:heading {\"textAlign\":\"center\",\"level\":4} --><!-- \/wp:paragraph --><!-- wp:heading {\"textAlign\":\"center\",\"level\":5} -->\n<h5 class=\"wp-block-heading has-text-align-center\"><strong>E-mail dla pacjent\u00f3w<\/strong>: sekretariat[at]flo.org.pl<\/h5>\n<!-- \/wp:heading --><!-- wp:heading {\"textAlign\":\"center\",\"level\":5} --><!-- \/wp:heading --><!-- wp:paragraph --><!-- \/wp:paragraph --><!-- wp:heading {\"textAlign\":\"center\",\"level\":5} -->\n<h5 class=\"wp-block-heading has-text-align-center\"><strong>KRS <\/strong>0001035226 | <strong>REGON<\/strong> 525280852 | <strong>NIP<\/strong> 1231533323<\/h5>\n<!-- \/wp:heading --><!-- wp:heading {\"textAlign\":\"center\",\"level\":5} --><!-- \/wp:heading --><!-- wp:heading {\"textAlign\":\"center\",\"level\":5} --><!-- \/wp:heading --><!-- wp:paragraph --><!-- \/wp:paragraph --><!-- wp:contact-form-7\/contact-form-selector {\"id\":230,\"title\":\"Formularz 1\"} --><!-- \/wp:contact-form-7\/contact-form-selector --><!-- wp:paragraph --><!-- \/wp:paragraph -->\t\t\t\t\t\t\t\t<\/div>\n\t\t\t\t\t<\/div>\n\t\t\t\t<\/div>\n\t\t<div class=\"elementor-element elementor-element-6ff4d75 e-flex e-con-boxed e-con e-parent\" data-id=\"6ff4d75\" data-element_type=\"container\">\n\t\t\t\t\t<div class=\"e-con-inner\">\n\t\t\t\t<div class=\"elementor-element elementor-element-01e4991 elementor-widget elementor-widget-heading\" data-id=\"01e4991\" data-element_type=\"widget\" data-widget_type=\"heading.default\">\n\t\t\t\t\t<h4 class=\"elementor-heading-title elementor-size-default\">Formularz kontaktowy:<\/h4>\t\t\t\t<\/div>\n\t\t\t\t<div class=\"elementor-element elementor-element-24ee47d elementor-widget elementor-widget-shortcode\" data-id=\"24ee47d\" data-element_type=\"widget\" data-widget_type=\"shortcode.default\">\n\t\t\t\t\t\t\t<div class=\"elementor-shortcode\">\n<div class=\"wpcf7 no-js\" id=\"wpcf7-f230-o1\" lang=\"pl-PL\" dir=\"ltr\" data-wpcf7-id=\"230\">\n<div class=\"screen-reader-response\"><p role=\"status\" aria-live=\"polite\" aria-atomic=\"true\"><\/p> <ul><\/ul><\/div>\n<form action=\"\/index.php\/wp-json\/wp\/v2\/pages\/38#wpcf7-f230-o1\" method=\"post\" class=\"wpcf7-form init\" aria-label=\"Formularz kontaktowy\" novalidate=\"novalidate\" data-status=\"init\">\n<fieldset class=\"hidden-fields-container\"><input type=\"hidden\" name=\"_wpcf7\" value=\"230\" \/><input type=\"hidden\" name=\"_wpcf7_version\" value=\"6.1.1\" \/><input type=\"hidden\" name=\"_wpcf7_locale\" value=\"pl_PL\" \/><input type=\"hidden\" name=\"_wpcf7_unit_tag\" value=\"wpcf7-f230-o1\" \/><input type=\"hidden\" name=\"_wpcf7_container_post\" value=\"0\" \/><input type=\"hidden\" name=\"_wpcf7_posted_data_hash\" value=\"\" \/>\n<\/fieldset>\n<p><label> Twoje imi\u0119 i nazwisko<br \/>\n<span class=\"wpcf7-form-control-wrap\" data-name=\"your-name\"><input size=\"40\" maxlength=\"400\" class=\"wpcf7-form-control wpcf7-text wpcf7-validates-as-required\" autocomplete=\"name\" aria-required=\"true\" aria-invalid=\"false\" value=\"\" type=\"text\" name=\"your-name\" \/><\/span> <\/label>\n<\/p>\n<p><label> Tw\u00f3j adres e-mail<br \/>\n<span class=\"wpcf7-form-control-wrap\" data-name=\"your-email\"><input size=\"40\" maxlength=\"400\" class=\"wpcf7-form-control wpcf7-email wpcf7-validates-as-required wpcf7-text wpcf7-validates-as-email\" autocomplete=\"email\" aria-required=\"true\" aria-invalid=\"false\" value=\"\" type=\"email\" name=\"your-email\" \/><\/span> <\/label>\n<\/p>\n<p><label> Temat<br \/>\n<span class=\"wpcf7-form-control-wrap\" data-name=\"your-subject\"><input size=\"40\" maxlength=\"400\" class=\"wpcf7-form-control wpcf7-text wpcf7-validates-as-required\" aria-required=\"true\" aria-invalid=\"false\" value=\"\" type=\"text\" name=\"your-subject\" \/><\/span> <\/label>\n<\/p>\n<p><label> Twoja wiadomo\u015bci (opcjonalne)<br \/>\n<span class=\"wpcf7-form-control-wrap\" data-name=\"your-message\"><textarea cols=\"40\" rows=\"10\" maxlength=\"2000\" class=\"wpcf7-form-control wpcf7-textarea\" aria-invalid=\"false\" name=\"your-message\"><\/textarea><\/span> <\/label>\n<\/p>\n<p><input class=\"wpcf7-form-control wpcf7-submit has-spinner\" type=\"submit\" value=\"Wy\u015blij\" \/>\n<\/p><div class=\"wpcf7-response-output\" aria-hidden=\"true\"><\/div>\n<\/form>\n<\/div>\n<\/div>\n\t\t\t\t\t\t<\/div>\n\t\t\t\t\t<\/div>\n\t\t\t\t<\/div>\n\t\t\t\t<\/div>\n\t\t","protected":false},"excerpt":{"rendered":"<p>Skontaktuj si\u0119 z nami INFOLINIA DLA PACJENT\u00d3W: + 48 537 030 555 Czynna w \u015brody w godzinach 13:00- 15:00 WA\u017bNE: Infolinia ma charakter informacyjny, nie udzielamy porad medycznych. Korzystanie z &hellip; <\/p>\n","protected":false},"author":1,"featured_media":83,"parent":0,"menu_order":0,"comment_status":"closed","ping_status":"closed","template":"","meta":{"footnotes":""},"class_list":["post-38","page","type-page","status-publish","has-post-thumbnail","hentry","has-meta has-sticky-meta"],"rttpg_featured_image_url":{"full":["https:\/\/flo.org.pl\/wp-content\/uploads\/2022\/12\/19_12_2022_flo_www_grafiki_aktualnosci2.jpg",2533,337,false],"landscape":["https:\/\/flo.org.pl\/wp-content\/uploads\/2022\/12\/19_12_2022_flo_www_grafiki_aktualnosci2.jpg",2533,337,false],"portraits":["https:\/\/flo.org.pl\/wp-content\/uploads\/2022\/12\/19_12_2022_flo_www_grafiki_aktualnosci2.jpg",2533,337,false],"thumbnail":["https:\/\/flo.org.pl\/wp-content\/uploads\/2022\/12\/19_12_2022_flo_www_grafiki_aktualnosci2-150x150.jpg",150,150,true],"medium":["https:\/\/flo.org.pl\/wp-content\/uploads\/2022\/12\/19_12_2022_flo_www_grafiki_aktualnosci2-300x40.jpg",300,40,true],"large":["https:\/\/flo.org.pl\/wp-content\/uploads\/2022\/12\/19_12_2022_flo_www_grafiki_aktualnosci2-1024x136.jpg",740,98,true],"post-slider-thumb-size":["https:\/\/flo.org.pl\/wp-content\/uploads\/2022\/12\/19_12_2022_flo_www_grafiki_aktualnosci2-330x190.jpg",330,190,true],"post-category-slider-size":["https:\/\/flo.org.pl\/wp-content\/uploads\/2022\/12\/19_12_2022_flo_www_grafiki_aktualnosci2-330x337.jpg",330,337,true],"1536x1536":["https:\/\/flo.org.pl\/wp-content\/uploads\/2022\/12\/19_12_2022_flo_www_grafiki_aktualnosci2-1536x204.jpg",1536,204,true],"2048x2048":["https:\/\/flo.org.pl\/wp-content\/uploads\/2022\/12\/19_12_2022_flo_www_grafiki_aktualnosci2-2048x272.jpg",2048,272,true],"coachpress-lite-classic":["https:\/\/flo.org.pl\/wp-content\/uploads\/2022\/12\/19_12_2022_flo_www_grafiki_aktualnosci2-700x337.jpg",700,337,true],"coachpress-lite-classic-full":["https:\/\/flo.org.pl\/wp-content\/uploads\/2022\/12\/19_12_2022_flo_www_grafiki_aktualnosci2-1170x337.jpg",1170,337,true],"coachpress-lite-grid":["https:\/\/flo.org.pl\/wp-content\/uploads\/2022\/12\/19_12_2022_flo_www_grafiki_aktualnosci2-320x198.jpg",320,198,true],"coachpress-lite-grid-full":["https:\/\/flo.org.pl\/wp-content\/uploads\/2022\/12\/19_12_2022_flo_www_grafiki_aktualnosci2-535x331.jpg",535,331,true],"coachpress-lite-promo":["https:\/\/flo.org.pl\/wp-content\/uploads\/2022\/12\/19_12_2022_flo_www_grafiki_aktualnosci2-370x337.jpg",370,337,true],"coachpress-lite-service":["https:\/\/flo.org.pl\/wp-content\/uploads\/2022\/12\/19_12_2022_flo_www_grafiki_aktualnosci2-544x337.jpg",544,337,true],"coachpress-lite-client":["https:\/\/flo.org.pl\/wp-content\/uploads\/2022\/12\/19_12_2022_flo_www_grafiki_aktualnosci2-330x190.jpg",330,190,true],"coachpress-lite-slider":["https:\/\/flo.org.pl\/wp-content\/uploads\/2022\/12\/19_12_2022_flo_www_grafiki_aktualnosci2-1161x337.jpg",1161,337,true],"coachpress-lite-single":["https:\/\/flo.org.pl\/wp-content\/uploads\/2022\/12\/19_12_2022_flo_www_grafiki_aktualnosci2-740x337.jpg",740,337,true],"coachpress-lite-single-full":["https:\/\/flo.org.pl\/wp-content\/uploads\/2022\/12\/19_12_2022_flo_www_grafiki_aktualnosci2-1170x337.jpg",1170,337,true]},"rttpg_author":{"display_name":"flodmin","author_link":"https:\/\/flo.org.pl\/index.php\/author\/flodmin\/"},"rttpg_comment":0,"rttpg_category":null,"rttpg_excerpt":"Skontaktuj si\u0119 z nami INFOLINIA DLA PACJENT\u00d3W: + 48 537 030 555 Czynna w \u015brody w godzinach 13:00- 15:00 WA\u017bNE: Infolinia ma charakter informacyjny, nie udzielamy porad medycznych. Korzystanie z &hellip;","_links":{"self":[{"href":"https:\/\/flo.org.pl\/index.php\/wp-json\/wp\/v2\/pages\/38","targetHints":{"allow":["GET"]}}],"collection":[{"href":"https:\/\/flo.org.pl\/index.php\/wp-json\/wp\/v2\/pages"}],"about":[{"href":"https:\/\/flo.org.pl\/index.php\/wp-json\/wp\/v2\/types\/page"}],"author":[{"embeddable":true,"href":"https:\/\/flo.org.pl\/index.php\/wp-json\/wp\/v2\/users\/1"}],"replies":[{"embeddable":true,"href":"https:\/\/flo.org.pl\/index.php\/wp-json\/wp\/v2\/comments?post=38"}],"version-history":[{"count":37,"href":"https:\/\/flo.org.pl\/index.php\/wp-json\/wp\/v2\/pages\/38\/revisions"}],"predecessor-version":[{"id":2993,"href":"https:\/\/flo.org.pl\/index.php\/wp-json\/wp\/v2\/pages\/38\/revisions\/2993"}],"wp:featuredmedia":[{"embeddable":true,"href":"https:\/\/flo.org.pl\/index.php\/wp-json\/wp\/v2\/media\/83"}],"wp:attachment":[{"href":"https:\/\/flo.org.pl\/index.php\/wp-json\/wp\/v2\/media?parent=38"}],"curies":[{"name":"wp","href":"https:\/\/api.w.org\/{rel}","templated":true}]}}