{"id":48,"date":"2022-11-22T11:39:05","date_gmt":"2022-11-22T10:39:05","guid":{"rendered":"http:\/\/flo.ippez.pl\/?page_id=48"},"modified":"2026-01-09T13:38:23","modified_gmt":"2026-01-09T12:38:23","slug":"o-nas","status":"publish","type":"page","link":"https:\/\/flo.org.pl\/index.php\/o-nas\/","title":{"rendered":"O NAS"},"content":{"rendered":"\n<div class=\"wp-block-columns is-layout-flex wp-container-core-columns-is-layout-9d6595d7 wp-block-columns-is-layout-flex\">\n<div class=\"wp-block-column is-layout-flow wp-block-column-is-layout-flow\" style=\"flex-basis:100%\">\n<p class=\"has-medium-font-size\"><strong>FLO- Fundacja na rzecz Leczenia Oty\u0142o\u015bci (FLO)<\/strong> jest jedyn\u0105 w Polsce aktywn\u0105 organizacj\u0105 pozarz\u0105dow\u0105 w ca\u0142o\u015bci po\u015bwi\u0119con\u0105 chorobie oty\u0142o\u015bciowej. Nasz\u0105 misj\u0105 jest zmienianie sytuacji pacjent\u00f3w, kt\u00f3rych potrzeby przez lata pozostawa\u0142y na marginesie debaty publicznej i systemu ochrony zdrowia.<\/p>\n\n\n\n<p class=\"has-medium-font-size\">Fundacja powsta\u0142a w maju 2023 roku z inicjatyw Ewy Godlewskiej, kt\u00f3rej c\u00f3rka od lat choruje na oty\u0142o\u015b\u0107. <\/p>\n\n\n\n<figure class=\"wp-block-embed is-type-video is-provider-youtube wp-block-embed-youtube wp-embed-aspect-16-9 wp-has-aspect-ratio\"><div class=\"wp-block-embed__wrapper\">\n<iframe title=\"Jak by\u0107 dobrym wsparciem dla dziecka, kt\u00f3re choruje na oty\u0142o\u015b\u0107? | Ewa Godlewska, Oliwia Sowa\" width=\"740\" height=\"416\" src=\"https:\/\/www.youtube.com\/embed\/pAMIEcsCSlE?start=396&#038;feature=oembed\" frameborder=\"0\" allow=\"accelerometer; autoplay; clipboard-write; encrypted-media; gyroscope; picture-in-picture; web-share\" referrerpolicy=\"strict-origin-when-cross-origin\" allowfullscreen><\/iframe>\n<\/div><\/figure>\n\n\n\n<p class=\"has-medium-font-size\">Dzi\u0119ki zaanga\u017cowaniu FLO g\u0142os pacjent\u00f3w z chorob\u0105 oty\u0142o\u015bciow\u0105 po raz pierwszy zabrzmia\u0142 w murach parlamentu.<\/p>\n\n\n\n<p><strong>W 2024 roku w Senacie RP<\/strong> zorganizowali\u015bmy pierwsz\u0105 w Polsce konferencj\u0119 naukow\u0105 po\u015bwi\u0119con\u0105 oty\u0142o\u015bci oraz wystaw\u0119 <strong>\u201eNie oceniaj mnie! To nie moja wina. #Choruj\u0119 na oty\u0142o\u015b\u0107\u201d,<\/strong> kt\u00f3r\u0105 nast\u0119pnie zaprezentowano w Sejmie RP w 2025 roku.<\/p>\n\n\n<div class=\"wp-block-image\">\n<figure class=\"aligncenter size-large\"><img fetchpriority=\"high\" decoding=\"async\" width=\"1024\" height=\"499\" src=\"https:\/\/flo.org.pl\/wp-content\/uploads\/2024\/05\/22-1-1024x499.jpg\" alt=\"\" class=\"wp-image-738\" srcset=\"https:\/\/flo.org.pl\/wp-content\/uploads\/2024\/05\/22-1-1024x499.jpg 1024w, https:\/\/flo.org.pl\/wp-content\/uploads\/2024\/05\/22-1-300x146.jpg 300w, https:\/\/flo.org.pl\/wp-content\/uploads\/2024\/05\/22-1-768x374.jpg 768w, https:\/\/flo.org.pl\/wp-content\/uploads\/2024\/05\/22-1-1536x749.jpg 1536w, https:\/\/flo.org.pl\/wp-content\/uploads\/2024\/05\/22-1-2048x998.jpg 2048w\" sizes=\"(max-width: 1024px) 100vw, 1024px\" \/><\/figure>\n<\/div>\n\n<div class=\"wp-block-image\">\n<figure class=\"aligncenter size-large\"><img decoding=\"async\" width=\"1024\" height=\"683\" src=\"https:\/\/flo.org.pl\/wp-content\/uploads\/2025\/03\/pimo0719_54367856707_o-1024x683.jpg\" alt=\"\" class=\"wp-image-1156\" srcset=\"https:\/\/flo.org.pl\/wp-content\/uploads\/2025\/03\/pimo0719_54367856707_o-1024x683.jpg 1024w, https:\/\/flo.org.pl\/wp-content\/uploads\/2025\/03\/pimo0719_54367856707_o-300x200.jpg 300w, https:\/\/flo.org.pl\/wp-content\/uploads\/2025\/03\/pimo0719_54367856707_o-768x512.jpg 768w, https:\/\/flo.org.pl\/wp-content\/uploads\/2025\/03\/pimo0719_54367856707_o-1536x1024.jpg 1536w, https:\/\/flo.org.pl\/wp-content\/uploads\/2025\/03\/pimo0719_54367856707_o-2048x1365.jpg 2048w\" sizes=\"(max-width: 1024px) 100vw, 1024px\" \/><\/figure>\n<\/div>\n\n\n<p>Spotkania Fundacji z Marsza\u0142ek Senatu Ma\u0142gorzat\u0105 Kidaw\u0105-B\u0142o\u0144sk\u0105 i Marsza\u0142kiem Sejmu Szymonem Ho\u0142owni\u0105 otworzy\u0142y dialog o konieczno\u015bci zmian systemowych.<\/p>\n\n\n\n<p>To w\u0142a\u015bnie Fundacja FLO by\u0142a inicjatorem powo\u0142ania <strong>Zespo\u0142u ds. Przeciwdzia\u0142ania Oty\u0142o\u015bci przy Radzie ds. Zdrowia Publicznego<\/strong>. Nasz g\u0142os zosta\u0142 wys\u0142uchany, <strong>a dzi\u015b \u2013 jako jedyna organizacja pacjencka \u2013 jeste\u015bmy sta\u0142ym cz\u0142onkiem tego zespo\u0142u<\/strong>, kt\u00f3ry pracuje nad konkretnymi rozwi\u0105zaniami systemowymi.<\/p>\n\n\n\n<p><strong>Ju\u017c wida\u0107 pierwsze efekty tej pracy:<\/strong><\/p>\n\n\n\n<ul class=\"wp-block-list\">\n<li><strong>od stycznia 2025 roku do koszyka \u015bwiadcze\u0144 gwarantowanych NFZ w\u0142\u0105czony zostanie program KOS-BAR<\/strong><\/li>\n\n\n\n<li><strong>&nbsp;wprowadzono r\u00f3wnie\u017c obowi\u0105zek wa\u017cenia i mierzenia pacjent\u00f3w w podstawowej opiece zdrowotnej (na pierwszej wizycie w roku)<\/strong><\/li>\n<\/ul>\n\n\n\n<p>Obecnie trwaj\u0105 prace nad opracowaniem kompleksowej ambulatoryjnej opieki specjalistycznej dla pacjent\u00f3w z oty\u0142o\u015bci\u0105 (KOS \u2013 oty\u0142o\u015b\u0107), programem profilaktyki oty\u0142o\u015bci u dzieci oraz rozszerzeniem podstawy programowej uczelni medycznych o wiedz\u0119 z zakresu leczenia oty\u0142o\u015bci.<\/p>\n\n\n\n<p>Fundacja prowadzi szerokie dzia\u0142ania edukacyjne, walczy ze stygmatyzacj\u0105 i dyskryminacj\u0105 oraz wspiera pacjent\u00f3w na drodze do terapii. <\/p>\n\n\n\n<p>Realizujemy od dw\u00f3ch lat kampani\u0119 spo\u0142eczn\u0105<strong> \u201eOty\u0142o\u015b\u0107 to choroba. Nie oceniaj, nie odchudzaj, tylko lecz\u201d, <\/strong>kt\u00f3rej przekaz dociera zar\u00f3wno do spo\u0142ecze\u0144stwa, jak i \u015brodowisk medycznych oraz decydent\u00f3w. Naszym nadrz\u0119dnym celem jest zapewnienie pacjentom dost\u0119pu do skutecznej opieki medycznej.<\/p>\n\n\n<div class=\"wp-block-image\">\n<figure class=\"aligncenter size-large is-resized\"><img decoding=\"async\" width=\"1024\" height=\"614\" src=\"https:\/\/flo.org.pl\/wp-content\/uploads\/2024\/05\/OTC_logo_KOLOR-1024x614.jpg\" alt=\"\" class=\"wp-image-661\" style=\"width:509px;height:auto\" srcset=\"https:\/\/flo.org.pl\/wp-content\/uploads\/2024\/05\/OTC_logo_KOLOR-1024x614.jpg 1024w, https:\/\/flo.org.pl\/wp-content\/uploads\/2024\/05\/OTC_logo_KOLOR-300x180.jpg 300w, https:\/\/flo.org.pl\/wp-content\/uploads\/2024\/05\/OTC_logo_KOLOR-768x461.jpg 768w, https:\/\/flo.org.pl\/wp-content\/uploads\/2024\/05\/OTC_logo_KOLOR-1536x922.jpg 1536w, https:\/\/flo.org.pl\/wp-content\/uploads\/2024\/05\/OTC_logo_KOLOR-2048x1229.jpg 2048w\" sizes=\"(max-width: 1024px) 100vw, 1024px\" \/><\/figure>\n<\/div>\n\n\n<p><\/p>\n\n\n\n<p>W ramach dzia\u0142a\u0144 edukacyjnych tworzymy filmy, podcasty, artyku\u0142y oraz grafiki, w kt\u00f3rych g\u0142os zabieraj\u0105 pacjenci i eksperci. <strong>Dzia\u0142ania te wspieraj\u0105 ambasadorzy Fundacji \u2013<a href=\"https:\/\/flo.org.pl\/index.php\/nasz-zespol\/\" data-type=\"link\" data-id=\"https:\/\/flo.org.pl\/index.php\/nasz-zespol\/\"> spo\u0142eczni rzecznicy pacjent\u00f3w z oty\u0142o\u015bci\u0105<\/a>, kt\u00f3rzy staj\u0105 si\u0119 twarz\u0105 i g\u0142osem tej choroby, pokazuj\u0105c jej realne oblicze.<\/strong><\/p>\n\n\n\n<figure class=\"wp-block-gallery aligncenter has-nested-images columns-4 is-cropped wp-block-gallery-1 is-layout-flex wp-block-gallery-is-layout-flex\">\n<figure class=\"wp-block-image size-large\"><img loading=\"lazy\" decoding=\"async\" width=\"768\" height=\"1024\" data-id=\"1710\" src=\"https:\/\/flo.org.pl\/wp-content\/uploads\/2025\/09\/Michal-768x1024.jpg\" alt=\"\" class=\"wp-image-1710\" srcset=\"https:\/\/flo.org.pl\/wp-content\/uploads\/2025\/09\/Michal-768x1024.jpg 768w, https:\/\/flo.org.pl\/wp-content\/uploads\/2025\/09\/Michal-225x300.jpg 225w, https:\/\/flo.org.pl\/wp-content\/uploads\/2025\/09\/Michal-1152x1536.jpg 1152w, https:\/\/flo.org.pl\/wp-content\/uploads\/2025\/09\/Michal-1536x2048.jpg 1536w, https:\/\/flo.org.pl\/wp-content\/uploads\/2025\/09\/Michal-scaled.jpg 1920w\" sizes=\"(max-width: 768px) 100vw, 768px\" \/><\/figure>\n\n\n\n<figure class=\"wp-block-image size-large\"><img loading=\"lazy\" decoding=\"async\" width=\"415\" height=\"1024\" data-id=\"1709\" src=\"https:\/\/flo.org.pl\/wp-content\/uploads\/2025\/09\/kamilka-415x1024.jpg\" alt=\"\" class=\"wp-image-1709\" srcset=\"https:\/\/flo.org.pl\/wp-content\/uploads\/2025\/09\/kamilka-415x1024.jpg 415w, https:\/\/flo.org.pl\/wp-content\/uploads\/2025\/09\/kamilka-122x300.jpg 122w, https:\/\/flo.org.pl\/wp-content\/uploads\/2025\/09\/kamilka-768x1894.jpg 768w, https:\/\/flo.org.pl\/wp-content\/uploads\/2025\/09\/kamilka-623x1536.jpg 623w, https:\/\/flo.org.pl\/wp-content\/uploads\/2025\/09\/kamilka-830x2048.jpg 830w, https:\/\/flo.org.pl\/wp-content\/uploads\/2025\/09\/kamilka-scaled.jpg 1038w\" sizes=\"(max-width: 415px) 100vw, 415px\" \/><\/figure>\n\n\n\n<figure class=\"wp-block-image size-large\"><img loading=\"lazy\" decoding=\"async\" width=\"683\" height=\"1024\" data-id=\"1684\" src=\"https:\/\/flo.org.pl\/wp-content\/uploads\/2025\/09\/Aleksandra_Krasucka-683x1024.jpg\" alt=\"\" class=\"wp-image-1684\" srcset=\"https:\/\/flo.org.pl\/wp-content\/uploads\/2025\/09\/Aleksandra_Krasucka-683x1024.jpg 683w, https:\/\/flo.org.pl\/wp-content\/uploads\/2025\/09\/Aleksandra_Krasucka-200x300.jpg 200w, https:\/\/flo.org.pl\/wp-content\/uploads\/2025\/09\/Aleksandra_Krasucka-768x1152.jpg 768w, https:\/\/flo.org.pl\/wp-content\/uploads\/2025\/09\/Aleksandra_Krasucka-1024x1536.jpg 1024w, https:\/\/flo.org.pl\/wp-content\/uploads\/2025\/09\/Aleksandra_Krasucka-1366x2048.jpg 1366w, https:\/\/flo.org.pl\/wp-content\/uploads\/2025\/09\/Aleksandra_Krasucka-scaled.jpg 1707w\" sizes=\"(max-width: 683px) 100vw, 683px\" \/><\/figure>\n\n\n\n<figure class=\"wp-block-image size-large\"><img loading=\"lazy\" decoding=\"async\" width=\"768\" height=\"1024\" data-id=\"1682\" src=\"https:\/\/flo.org.pl\/wp-content\/uploads\/2025\/09\/Ania_Lorens-768x1024.jpg\" alt=\"\" class=\"wp-image-1682\" srcset=\"https:\/\/flo.org.pl\/wp-content\/uploads\/2025\/09\/Ania_Lorens-768x1024.jpg 768w, https:\/\/flo.org.pl\/wp-content\/uploads\/2025\/09\/Ania_Lorens-225x300.jpg 225w, https:\/\/flo.org.pl\/wp-content\/uploads\/2025\/09\/Ania_Lorens-1152x1536.jpg 1152w, https:\/\/flo.org.pl\/wp-content\/uploads\/2025\/09\/Ania_Lorens-1536x2048.jpg 1536w, https:\/\/flo.org.pl\/wp-content\/uploads\/2025\/09\/Ania_Lorens-scaled.jpg 1920w\" sizes=\"(max-width: 768px) 100vw, 768px\" \/><\/figure>\n\n\n\n<figure class=\"wp-block-image size-large\"><img loading=\"lazy\" decoding=\"async\" width=\"827\" height=\"1024\" data-id=\"1367\" src=\"https:\/\/flo.org.pl\/wp-content\/uploads\/2025\/05\/Edyta-827x1024.jpg\" alt=\"\" class=\"wp-image-1367\" srcset=\"https:\/\/flo.org.pl\/wp-content\/uploads\/2025\/05\/Edyta-827x1024.jpg 827w, https:\/\/flo.org.pl\/wp-content\/uploads\/2025\/05\/Edyta-242x300.jpg 242w, https:\/\/flo.org.pl\/wp-content\/uploads\/2025\/05\/Edyta-768x951.jpg 768w, https:\/\/flo.org.pl\/wp-content\/uploads\/2025\/05\/Edyta-1241x1536.jpg 1241w, https:\/\/flo.org.pl\/wp-content\/uploads\/2025\/05\/Edyta-1654x2048.jpg 1654w\" sizes=\"(max-width: 827px) 100vw, 827px\" \/><\/figure>\n\n\n\n<figure class=\"wp-block-image size-large\"><img loading=\"lazy\" decoding=\"async\" width=\"819\" height=\"1024\" data-id=\"1523\" src=\"https:\/\/flo.org.pl\/wp-content\/uploads\/2025\/06\/JoasiaGuza-819x1024.png\" alt=\"\" class=\"wp-image-1523\" srcset=\"https:\/\/flo.org.pl\/wp-content\/uploads\/2025\/06\/JoasiaGuza-819x1024.png 819w, https:\/\/flo.org.pl\/wp-content\/uploads\/2025\/06\/JoasiaGuza-240x300.png 240w, https:\/\/flo.org.pl\/wp-content\/uploads\/2025\/06\/JoasiaGuza-768x960.png 768w, https:\/\/flo.org.pl\/wp-content\/uploads\/2025\/06\/JoasiaGuza-1229x1536.png 1229w, https:\/\/flo.org.pl\/wp-content\/uploads\/2025\/06\/JoasiaGuza.png 1620w\" sizes=\"(max-width: 819px) 100vw, 819px\" \/><\/figure>\n\n\n\n<figure class=\"wp-block-image size-large\"><img loading=\"lazy\" decoding=\"async\" width=\"576\" height=\"1024\" data-id=\"1738\" src=\"https:\/\/flo.org.pl\/wp-content\/uploads\/2025\/09\/Ewelina-edited-576x1024.jpg\" alt=\"\" class=\"wp-image-1738\" srcset=\"https:\/\/flo.org.pl\/wp-content\/uploads\/2025\/09\/Ewelina-edited-576x1024.jpg 576w, https:\/\/flo.org.pl\/wp-content\/uploads\/2025\/09\/Ewelina-edited-169x300.jpg 169w, https:\/\/flo.org.pl\/wp-content\/uploads\/2025\/09\/Ewelina-edited-768x1365.jpg 768w, https:\/\/flo.org.pl\/wp-content\/uploads\/2025\/09\/Ewelina-edited-864x1536.jpg 864w, https:\/\/flo.org.pl\/wp-content\/uploads\/2025\/09\/Ewelina-edited-1152x2048.jpg 1152w, https:\/\/flo.org.pl\/wp-content\/uploads\/2025\/09\/Ewelina-edited-scaled.jpg 1440w\" sizes=\"(max-width: 576px) 100vw, 576px\" \/><\/figure>\n<\/figure>\n\n\n\n<p>Fundacja nie ogranicza si\u0119 do dzia\u0142a\u0144 systemowych. Jeste\u015bmy blisko pacjenta! Organizujemy stacjonarne spotkania edukacyjne dla pacjent\u00f3w pod has\u0142em: \u201eAkademia Pacjenta Choruj\u0105cego na Oty\u0142o\u015b\u0107\u201d, prowadzimy grupy wsparcia oraz podcast edukacyjny \u201eE66.0\u201d, w kt\u00f3rym poruszamy temat choroby i jej powik\u0142a\u0144.<\/p>\n\n\n\n<p>Wsp\u00f3\u0142pracujemy z<strong> Ministerstwem Zdrowia, Narodowym Funduszem Zdrowia, Rzecznikiem Praw Pacjenta.<\/strong><\/p>\n\n\n\n<p>Dzia\u0142amy w \u015bcis\u0142ej wsp\u00f3\u0142pracy z <strong>Polskim Towarzystwem Leczenia Oty\u0142o\u015bci<\/strong> oraz w partnerstwie z <strong>Polskim Towarzystwem Medycyny Rodzinnej, Polskim Towarzystwem Neurologicznym, Polskim Towarzystwem Diabetologicznym, Polskim Towarzystwem Kardiologicznym. <\/strong><\/p>\n\n\n\n<p>Jeste\u015bmy cz\u0142onkiem <strong>Rady Organizacji Pacjent\u00f3w przy Rzeczniku Praw Pacjenta <\/strong>i cz\u0142onkiem <strong>Partnerstwa na rzecz Profilaktyki i Leczenia Oty\u0142o\u015bci.<\/strong><\/p>\n\n\n\n<p>Wsp\u00f3\u0142pracujemy z innymi organizacjami pozarz\u0105dowymi oraz kluczowymi mediami w Polsce, aby g\u0142os pacjent\u00f3w by\u0142 s\u0142yszany i uwzgl\u0119dniany przy tworzeniu polityki zdrowotnej.<\/p>\n\n\n\n<figure class=\"wp-block-image size-large\"><img loading=\"lazy\" decoding=\"async\" width=\"1024\" height=\"768\" src=\"https:\/\/flo.org.pl\/wp-content\/uploads\/2025\/08\/att.z7titi-fLPXVPEZRBO6TD1dka9BMi2mgJwkuZUhI1xU-1024x768.jpg\" alt=\"\" class=\"wp-image-1655\" srcset=\"https:\/\/flo.org.pl\/wp-content\/uploads\/2025\/08\/att.z7titi-fLPXVPEZRBO6TD1dka9BMi2mgJwkuZUhI1xU-1024x768.jpg 1024w, https:\/\/flo.org.pl\/wp-content\/uploads\/2025\/08\/att.z7titi-fLPXVPEZRBO6TD1dka9BMi2mgJwkuZUhI1xU-300x225.jpg 300w, https:\/\/flo.org.pl\/wp-content\/uploads\/2025\/08\/att.z7titi-fLPXVPEZRBO6TD1dka9BMi2mgJwkuZUhI1xU-768x576.jpg 768w, https:\/\/flo.org.pl\/wp-content\/uploads\/2025\/08\/att.z7titi-fLPXVPEZRBO6TD1dka9BMi2mgJwkuZUhI1xU-1536x1152.jpg 1536w, https:\/\/flo.org.pl\/wp-content\/uploads\/2025\/08\/att.z7titi-fLPXVPEZRBO6TD1dka9BMi2mgJwkuZUhI1xU.jpg 2048w\" sizes=\"(max-width: 1024px) 100vw, 1024px\" \/><\/figure>\n\n\n\n<p>FLO to organizacja, kt\u00f3ra \u0142\u0105czy determinacj\u0119 pacjent\u00f3w z wiedz\u0105 ekspert\u00f3w i skuteczno\u015bci\u0105 w dzia\u0142aniu.<\/p>\n\n\n\n<p>Dzi\u0119ki nam w Polsce po raz pierwszy realnie rozpocz\u0119to dialog systemowy o leczeniu oty\u0142o\u015bci, a wypracowane rozwi\u0105zania zaczynaj\u0105 zmienia\u0107 rzeczywisto\u015b\u0107 pacjent\u00f3w<strong>.<\/strong><\/p>\n\n\n\n<p class=\"has-medium-font-size\"><strong>Fundacj\u0119 na rzecz Leczenia Oty\u0142o\u015bci w 2023 roku za\u0142o\u017cy\u0142a Ewa Godlewska, kt\u00f3rej c\u00f3rka od 14 lat choruje na oty\u0142o\u015b\u0107. To w\u0142a\u015bnie jej osobiste do\u015bwiadczenie i determinacja sta\u0142y si\u0119 fundamentem organizacji, kt\u00f3ra dzi\u015b daje nadziej\u0119 setkom tysi\u0119cy pacjent\u00f3w w ca\u0142ej Polsce.<\/strong><\/p>\n\n\n\n<figure class=\"wp-block-image size-large\"><img loading=\"lazy\" decoding=\"async\" width=\"1024\" height=\"683\" src=\"https:\/\/flo.org.pl\/wp-content\/uploads\/2025\/06\/125212--1024x683.jpg\" alt=\"\" class=\"wp-image-1482\" srcset=\"https:\/\/flo.org.pl\/wp-content\/uploads\/2025\/06\/125212--1024x683.jpg 1024w, https:\/\/flo.org.pl\/wp-content\/uploads\/2025\/06\/125212--300x200.jpg 300w, https:\/\/flo.org.pl\/wp-content\/uploads\/2025\/06\/125212--768x512.jpg 768w, https:\/\/flo.org.pl\/wp-content\/uploads\/2025\/06\/125212--1536x1024.jpg 1536w, https:\/\/flo.org.pl\/wp-content\/uploads\/2025\/06\/125212-.jpg 2048w\" sizes=\"(max-width: 1024px) 100vw, 1024px\" \/><\/figure>\n<\/div>\n<\/div>\n\n\n\n<p><\/p>\n\n\n\n<p><\/p>\n\n\n\n<div class=\"wp-block-group\"><div class=\"wp-block-group__inner-container is-layout-constrained wp-block-group-is-layout-constrained\">\n<div class=\"wp-block-buttons has-custom-font-size is-content-justification-center is-layout-flex wp-container-core-buttons-is-layout-5e6b19ed wp-block-buttons-is-layout-flex\" style=\"font-size:17px\">\n<div class=\"wp-block-button has-custom-width wp-block-button__width-25 is-style-outline is-style-outline--2\"><a class=\"wp-block-button__link has-white-color has-blush-light-purple-gradient-background has-text-color has-background has-small-font-size has-custom-font-size wp-element-button\" href=\"https:\/\/flo.org.pl\/index.php\/misja\/\"><strong>Misja <\/strong><\/a><\/div>\n\n\n\n<div class=\"wp-block-button has-custom-width wp-block-button__width-25 is-style-outline is-style-outline--3\"><a class=\"wp-block-button__link has-white-color has-blush-light-purple-gradient-background has-text-color has-background has-small-font-size has-custom-font-size wp-element-button\" href=\"https:\/\/flo.org.pl\/index.php\/cele\/\"><strong>Cele<\/strong><\/a><\/div>\n\n\n\n<div class=\"wp-block-button has-custom-width wp-block-button__width-50 is-style-outline is-style-outline--4\"><a class=\"wp-block-button__link has-white-color has-blush-light-purple-gradient-background has-text-color has-background has-small-font-size has-custom-font-size wp-element-button\" href=\"https:\/\/flo.org.pl\/index.php\/statut\/\"><strong>Statut<\/strong><\/a><\/div>\n\n\n\n<div class=\"wp-block-button has-custom-width wp-block-button__width-50 is-style-outline is-style-outline--5\"><a class=\"wp-block-button__link has-white-color has-blush-light-purple-gradient-background has-text-color has-background has-small-font-size has-custom-font-size wp-element-button\" href=\"https:\/\/flo.org.pl\/index.php\/zarzad\/\"><strong>Zarz\u0105d<\/strong><\/a><\/div>\n<\/div>\n<\/div><\/div>\n\n\n\n<div style=\"height:16px\" aria-hidden=\"true\" class=\"wp-block-spacer\"><\/div>\n\n\n\n<p><\/p>\n","protected":false},"excerpt":{"rendered":"<p>FLO- Fundacja na rzecz Leczenia Oty\u0142o\u015bci (FLO) jest jedyn\u0105 w Polsce aktywn\u0105 organizacj\u0105 pozarz\u0105dow\u0105 w ca\u0142o\u015bci po\u015bwi\u0119con\u0105 chorobie oty\u0142o\u015bciowej. Nasz\u0105 misj\u0105 jest zmienianie sytuacji pacjent\u00f3w, kt\u00f3rych potrzeby przez lata pozostawa\u0142y &hellip; <\/p>\n","protected":false},"author":1,"featured_media":208,"parent":0,"menu_order":0,"comment_status":"closed","ping_status":"closed","template":"","meta":{"footnotes":""},"class_list":["post-48","page","type-page","status-publish","has-post-thumbnail","hentry","has-meta has-sticky-meta"],"rttpg_featured_image_url":{"full":["https:\/\/flo.org.pl\/wp-content\/uploads\/2023\/04\/20-04-2023-flo-grafika-www-oNas-wybrane.jpg",961,1045,false],"landscape":["https:\/\/flo.org.pl\/wp-content\/uploads\/2023\/04\/20-04-2023-flo-grafika-www-oNas-wybrane.jpg",961,1045,false],"portraits":["https:\/\/flo.org.pl\/wp-content\/uploads\/2023\/04\/20-04-2023-flo-grafika-www-oNas-wybrane.jpg",961,1045,false],"thumbnail":["https:\/\/flo.org.pl\/wp-content\/uploads\/2023\/04\/20-04-2023-flo-grafika-www-oNas-wybrane-150x150.jpg",150,150,true],"medium":["https:\/\/flo.org.pl\/wp-content\/uploads\/2023\/04\/20-04-2023-flo-grafika-www-oNas-wybrane-276x300.jpg",276,300,true],"large":["https:\/\/flo.org.pl\/wp-content\/uploads\/2023\/04\/20-04-2023-flo-grafika-www-oNas-wybrane-942x1024.jpg",740,804,true],"post-slider-thumb-size":["https:\/\/flo.org.pl\/wp-content\/uploads\/2023\/04\/20-04-2023-flo-grafika-www-oNas-wybrane-330x190.jpg",330,190,true],"post-category-slider-size":["https:\/\/flo.org.pl\/wp-content\/uploads\/2023\/04\/20-04-2023-flo-grafika-www-oNas-wybrane-330x350.jpg",330,350,true],"1536x1536":["https:\/\/flo.org.pl\/wp-content\/uploads\/2023\/04\/20-04-2023-flo-grafika-www-oNas-wybrane.jpg",961,1045,false],"2048x2048":["https:\/\/flo.org.pl\/wp-content\/uploads\/2023\/04\/20-04-2023-flo-grafika-www-oNas-wybrane.jpg",961,1045,false],"coachpress-lite-classic":["https:\/\/flo.org.pl\/wp-content\/uploads\/2023\/04\/20-04-2023-flo-grafika-www-oNas-wybrane-700x433.jpg",700,433,true],"coachpress-lite-classic-full":["https:\/\/flo.org.pl\/wp-content\/uploads\/2023\/04\/20-04-2023-flo-grafika-www-oNas-wybrane-961x724.jpg",961,724,true],"coachpress-lite-grid":["https:\/\/flo.org.pl\/wp-content\/uploads\/2023\/04\/20-04-2023-flo-grafika-www-oNas-wybrane-320x198.jpg",320,198,true],"coachpress-lite-grid-full":["https:\/\/flo.org.pl\/wp-content\/uploads\/2023\/04\/20-04-2023-flo-grafika-www-oNas-wybrane-535x331.jpg",535,331,true],"coachpress-lite-promo":["https:\/\/flo.org.pl\/wp-content\/uploads\/2023\/04\/20-04-2023-flo-grafika-www-oNas-wybrane-370x424.jpg",370,424,true],"coachpress-lite-service":["https:\/\/flo.org.pl\/wp-content\/uploads\/2023\/04\/20-04-2023-flo-grafika-www-oNas-wybrane-544x350.jpg",544,350,true],"coachpress-lite-client":["https:\/\/flo.org.pl\/wp-content\/uploads\/2023\/04\/20-04-2023-flo-grafika-www-oNas-wybrane-330x190.jpg",330,190,true],"coachpress-lite-slider":["https:\/\/flo.org.pl\/wp-content\/uploads\/2023\/04\/20-04-2023-flo-grafika-www-oNas-wybrane-961x550.jpg",961,550,true],"coachpress-lite-single":["https:\/\/flo.org.pl\/wp-content\/uploads\/2023\/04\/20-04-2023-flo-grafika-www-oNas-wybrane-740x456.jpg",740,456,true],"coachpress-lite-single-full":["https:\/\/flo.org.pl\/wp-content\/uploads\/2023\/04\/20-04-2023-flo-grafika-www-oNas-wybrane-961x768.jpg",961,768,true]},"rttpg_author":{"display_name":"flodmin","author_link":"https:\/\/flo.org.pl\/index.php\/author\/flodmin\/"},"rttpg_comment":0,"rttpg_category":null,"rttpg_excerpt":"FLO- Fundacja na rzecz Leczenia Oty\u0142o\u015bci (FLO) jest jedyn\u0105 w Polsce aktywn\u0105 organizacj\u0105 pozarz\u0105dow\u0105 w ca\u0142o\u015bci po\u015bwi\u0119con\u0105 chorobie oty\u0142o\u015bciowej. Nasz\u0105 misj\u0105 jest zmienianie sytuacji pacjent\u00f3w, kt\u00f3rych potrzeby przez lata pozostawa\u0142y &hellip;","_links":{"self":[{"href":"https:\/\/flo.org.pl\/index.php\/wp-json\/wp\/v2\/pages\/48","targetHints":{"allow":["GET"]}}],"collection":[{"href":"https:\/\/flo.org.pl\/index.php\/wp-json\/wp\/v2\/pages"}],"about":[{"href":"https:\/\/flo.org.pl\/index.php\/wp-json\/wp\/v2\/types\/page"}],"author":[{"embeddable":true,"href":"https:\/\/flo.org.pl\/index.php\/wp-json\/wp\/v2\/users\/1"}],"replies":[{"embeddable":true,"href":"https:\/\/flo.org.pl\/index.php\/wp-json\/wp\/v2\/comments?post=48"}],"version-history":[{"count":39,"href":"https:\/\/flo.org.pl\/index.php\/wp-json\/wp\/v2\/pages\/48\/revisions"}],"predecessor-version":[{"id":2444,"href":"https:\/\/flo.org.pl\/index.php\/wp-json\/wp\/v2\/pages\/48\/revisions\/2444"}],"wp:featuredmedia":[{"embeddable":true,"href":"https:\/\/flo.org.pl\/index.php\/wp-json\/wp\/v2\/media\/208"}],"wp:attachment":[{"href":"https:\/\/flo.org.pl\/index.php\/wp-json\/wp\/v2\/media?parent=48"}],"curies":[{"name":"wp","href":"https:\/\/api.w.org\/{rel}","templated":true}]}}